{"id":7366,"date":"2025-06-05T13:00:58","date_gmt":"2025-06-05T11:00:58","guid":{"rendered":"https:\/\/accentobert.cat\/ens-y-politica-de-seguridad\/"},"modified":"2025-07-02T12:30:26","modified_gmt":"2025-07-02T10:30:26","slug":"ens-y-politica-de-seguridad","status":"publish","type":"page","link":"https:\/\/accentobert.cat\/es\/ens-y-politica-de-seguridad\/","title":{"rendered":"ENS y Pol\u00edtica de Seguridad"},"content":{"rendered":"<p><strong>La Fundaci\u00f3 puntCAT<\/strong>, como proveedor de servicios, <strong>trabaja los aspectos los aspectos de seguridad bas\u00e1ndose en un sistema integral de gesti\u00f3n (SIG) alineado con el Esquema Nacional de Seguridad<\/strong> .<\/p>\n<p>El Esquema Nacional de Seguridad (ENS) es un marco normativo espa\u00f1ol que establece las medidas de seguridad que deben cumplir las administraciones p\u00fablicas y los proveedores de servicios que gestionan informaci\u00f3n clasificada. El ENS tiene como objetivo proteger la informaci\u00f3n sensible y garantizar la continuidad de los servicios p\u00fablicos frente a posibles amenazas o incidentes de seguridad. <\/p>\n<p>Algunos beneficios del ENS corresponden a:<\/p>\n<ul>\n<li><strong>Protecci\u00f3n de la informaci\u00f3n:<\/strong> proporciona un conjunto de directrices y controles para proteger la informaci\u00f3n sensible, asegurando su confidencialidad, integridad y disponibilidad.<\/li>\n<li><strong>Cumplimiento Normativo:<\/strong> alineamiento con las leyes y regulaciones vigentes, evitando posibles sanciones legales.<\/li>\n<li><strong>Mejora de la Seguridad:<\/strong> reduciendo el riesgo de incidentes de seguridad tales como ataques cibern\u00e9ticos.<\/li>\n<li><strong>Confianza de clientes y usuarios:<\/strong> Demostrar el cumplimiento con el ENS puede aumentar la confianza de los ciudadanos y otras partes interesadas en la capacidad de la organizaci\u00f3n para proteger sus datos.<\/li>\n<li><strong>Continuidad del Servicio:<\/strong> implementaci\u00f3n de planes de continuidad del negocio, asegurando que los servicios cr\u00edticos puedan seguir funcionando en caso de incidentes.<\/li>\n<li><strong>Formaci\u00f3n y Concienciaci\u00f3n:<\/strong> fomento de la formaci\u00f3n continua y la concienciaci\u00f3n en materia de seguridad entre los trabajadores, creando una cultura de seguridad dentro de la organizaci\u00f3n.<\/li>\n<li><strong>Interoperabilidad:<\/strong> facilita la interoperabilidad y colaboraci\u00f3n segura entre diferentes administraciones p\u00fablicas y proveedores de servicios.<\/li>\n<\/ul>\n<p>&nbsp;<\/p>\n<p>En esta l\u00ednea, pone a disposici\u00f3n p\u00fablica la definici\u00f3n de la <a href=\"https:\/\/accentobert.cat\/wp-content\/uploads\/2025\/06\/Org.01-POL-Politica-de-Seguretat-ENS-PUB-vWeb.pdf\">Pol\u00edtica de Seguridad<\/a> (versi\u00f3n 2025) que sigue por cumplir con este esquema.<\/p>\n","protected":false},"excerpt":{"rendered":"<p>La Fundaci\u00f3 puntCAT, como proveedor de servicios, trabaja los aspectos los aspectos de seguridad bas\u00e1ndose en un sistema integral de gesti\u00f3n (SIG) alineado con el Esquema Nacional de Seguridad . El Esquema Nacional de Seguridad (ENS) es un marco normativo espa\u00f1ol que establece las medidas de seguridad que deben cumplir las administraciones p\u00fablicas y los [&hellip;]<\/p>\n","protected":false},"author":9,"featured_media":0,"parent":0,"menu_order":32,"comment_status":"closed","ping_status":"closed","template":"page-legal.php","meta":{"_acf_changed":false,"footnotes":""},"class_list":["post-7366","page","type-page","status-publish","hentry"],"acf":[],"yoast_head":"<!-- This site is optimized with the Yoast SEO Premium plugin v27.4 (Yoast SEO v27.4) - https:\/\/yoast.com\/product\/yoast-seo-premium-wordpress\/ -->\n<title>ENS y Pol\u00edtica de Seguridad - Accent Obert<\/title>\n<meta name=\"robots\" content=\"index, follow, max-snippet:-1, max-image-preview:large, max-video-preview:-1\" \/>\n<link rel=\"canonical\" href=\"https:\/\/accentobert.cat\/es\/ens-y-politica-de-seguridad\/\" \/>\n<meta property=\"og:locale\" content=\"es_ES\" \/>\n<meta property=\"og:type\" content=\"article\" \/>\n<meta property=\"og:title\" content=\"ENS y Pol\u00edtica de Seguridad\" \/>\n<meta property=\"og:description\" content=\"La Fundaci\u00f3 puntCAT, como proveedor de servicios, trabaja los aspectos los aspectos de seguridad bas\u00e1ndose en un sistema integral de gesti\u00f3n (SIG) alineado con el Esquema Nacional de Seguridad . El Esquema Nacional de Seguridad (ENS) es un marco normativo espa\u00f1ol que establece las medidas de seguridad que deben cumplir las administraciones p\u00fablicas y los [&hellip;]\" \/>\n<meta property=\"og:url\" content=\"https:\/\/accentobert.cat\/es\/ens-y-politica-de-seguridad\/\" \/>\n<meta property=\"og:site_name\" content=\"Accent Obert\" \/>\n<meta property=\"article:publisher\" content=\"https:\/\/www.facebook.com\/accentobertoficial\" \/>\n<meta property=\"article:modified_time\" content=\"2025-07-02T10:30:26+00:00\" \/>\n<meta name=\"twitter:card\" content=\"summary_large_image\" \/>\n<meta name=\"twitter:site\" content=\"@accentobert_\" \/>\n<meta name=\"twitter:label1\" content=\"Tiempo de lectura\" \/>\n\t<meta name=\"twitter:data1\" content=\"1 minuto\" \/>\n<script type=\"application\/ld+json\" class=\"yoast-schema-graph\">{\"@context\":\"https:\\\/\\\/schema.org\",\"@graph\":[{\"@type\":\"WebPage\",\"@id\":\"https:\\\/\\\/accentobert.cat\\\/es\\\/ens-y-politica-de-seguridad\\\/\",\"url\":\"https:\\\/\\\/accentobert.cat\\\/es\\\/ens-y-politica-de-seguridad\\\/\",\"name\":\"ENS y Pol\u00edtica de Seguridad - Accent Obert\",\"isPartOf\":{\"@id\":\"https:\\\/\\\/accentobert.cat\\\/es\\\/#website\"},\"datePublished\":\"2025-06-05T11:00:58+00:00\",\"dateModified\":\"2025-07-02T10:30:26+00:00\",\"breadcrumb\":{\"@id\":\"https:\\\/\\\/accentobert.cat\\\/es\\\/ens-y-politica-de-seguridad\\\/#breadcrumb\"},\"inLanguage\":\"es\",\"potentialAction\":[{\"@type\":\"ReadAction\",\"target\":[\"https:\\\/\\\/accentobert.cat\\\/es\\\/ens-y-politica-de-seguridad\\\/\"]}]},{\"@type\":\"BreadcrumbList\",\"@id\":\"https:\\\/\\\/accentobert.cat\\\/es\\\/ens-y-politica-de-seguridad\\\/#breadcrumb\",\"itemListElement\":[{\"@type\":\"ListItem\",\"position\":1,\"name\":\"Inici\",\"item\":\"https:\\\/\\\/accentobert.cat\\\/es\\\/\"},{\"@type\":\"ListItem\",\"position\":2,\"name\":\"ENS y Pol\u00edtica de Seguridad\"}]},{\"@type\":\"WebSite\",\"@id\":\"https:\\\/\\\/accentobert.cat\\\/es\\\/#website\",\"url\":\"https:\\\/\\\/accentobert.cat\\\/es\\\/\",\"name\":\"Accent Obert\",\"description\":\"Treballem perqu\u00e8 qualsevol persona pugui viure plenament en catal\u00e0 al m\u00f3n digital.\",\"publisher\":{\"@id\":\"https:\\\/\\\/accentobert.cat\\\/es\\\/#organization\"},\"potentialAction\":[{\"@type\":\"SearchAction\",\"target\":{\"@type\":\"EntryPoint\",\"urlTemplate\":\"https:\\\/\\\/accentobert.cat\\\/es\\\/?s={search_term_string}\"},\"query-input\":{\"@type\":\"PropertyValueSpecification\",\"valueRequired\":true,\"valueName\":\"search_term_string\"}}],\"inLanguage\":\"es\"},{\"@type\":\"Organization\",\"@id\":\"https:\\\/\\\/accentobert.cat\\\/es\\\/#organization\",\"name\":\"Accent Obert\",\"alternateName\":\"Accent Obert\",\"url\":\"https:\\\/\\\/accentobert.cat\\\/es\\\/\",\"logo\":{\"@type\":\"ImageObject\",\"inLanguage\":\"es\",\"@id\":\"https:\\\/\\\/accentobert.cat\\\/es\\\/#\\\/schema\\\/logo\\\/image\\\/\",\"url\":\"https:\\\/\\\/accentobert.cat\\\/wp-content\\\/uploads\\\/2025\\\/04\\\/af-accent-obert-logotip-rgb-negre.png\",\"contentUrl\":\"https:\\\/\\\/accentobert.cat\\\/wp-content\\\/uploads\\\/2025\\\/04\\\/af-accent-obert-logotip-rgb-negre.png\",\"width\":1833,\"height\":780,\"caption\":\"Accent Obert\"},\"image\":{\"@id\":\"https:\\\/\\\/accentobert.cat\\\/es\\\/#\\\/schema\\\/logo\\\/image\\\/\"},\"sameAs\":[\"https:\\\/\\\/www.facebook.com\\\/accentobertoficial\",\"https:\\\/\\\/x.com\\\/accentobert_\",\"https:\\\/\\\/www.linkedin.com\\\/company\\\/accent-obert\",\"https:\\\/\\\/www.instagram.com\\\/accentobert_\\\/\",\"https:\\\/\\\/www.youtube.com\\\/@AccentObert\",\"https:\\\/\\\/bsky.app\\\/profile\\\/accentobert.cat\"],\"email\":\"info@accentobert.cat\",\"telephone\":\"+34 936 750 354\",\"legalName\":\"Accent Obert\"}]}<\/script>\n<!-- \/ Yoast SEO Premium plugin. -->","yoast_head_json":{"title":"ENS y Pol\u00edtica de Seguridad - Accent Obert","robots":{"index":"index","follow":"follow","max-snippet":"max-snippet:-1","max-image-preview":"max-image-preview:large","max-video-preview":"max-video-preview:-1"},"canonical":"https:\/\/accentobert.cat\/es\/ens-y-politica-de-seguridad\/","og_locale":"es_ES","og_type":"article","og_title":"ENS y Pol\u00edtica de Seguridad","og_description":"La Fundaci\u00f3 puntCAT, como proveedor de servicios, trabaja los aspectos los aspectos de seguridad bas\u00e1ndose en un sistema integral de gesti\u00f3n (SIG) alineado con el Esquema Nacional de Seguridad . El Esquema Nacional de Seguridad (ENS) es un marco normativo espa\u00f1ol que establece las medidas de seguridad que deben cumplir las administraciones p\u00fablicas y los [&hellip;]","og_url":"https:\/\/accentobert.cat\/es\/ens-y-politica-de-seguridad\/","og_site_name":"Accent Obert","article_publisher":"https:\/\/www.facebook.com\/accentobertoficial","article_modified_time":"2025-07-02T10:30:26+00:00","twitter_card":"summary_large_image","twitter_site":"@accentobert_","twitter_misc":{"Tiempo de lectura":"1 minuto"},"schema":{"@context":"https:\/\/schema.org","@graph":[{"@type":"WebPage","@id":"https:\/\/accentobert.cat\/es\/ens-y-politica-de-seguridad\/","url":"https:\/\/accentobert.cat\/es\/ens-y-politica-de-seguridad\/","name":"ENS y Pol\u00edtica de Seguridad - Accent Obert","isPartOf":{"@id":"https:\/\/accentobert.cat\/es\/#website"},"datePublished":"2025-06-05T11:00:58+00:00","dateModified":"2025-07-02T10:30:26+00:00","breadcrumb":{"@id":"https:\/\/accentobert.cat\/es\/ens-y-politica-de-seguridad\/#breadcrumb"},"inLanguage":"es","potentialAction":[{"@type":"ReadAction","target":["https:\/\/accentobert.cat\/es\/ens-y-politica-de-seguridad\/"]}]},{"@type":"BreadcrumbList","@id":"https:\/\/accentobert.cat\/es\/ens-y-politica-de-seguridad\/#breadcrumb","itemListElement":[{"@type":"ListItem","position":1,"name":"Inici","item":"https:\/\/accentobert.cat\/es\/"},{"@type":"ListItem","position":2,"name":"ENS y Pol\u00edtica de Seguridad"}]},{"@type":"WebSite","@id":"https:\/\/accentobert.cat\/es\/#website","url":"https:\/\/accentobert.cat\/es\/","name":"Accent Obert","description":"Treballem perqu\u00e8 qualsevol persona pugui viure plenament en catal\u00e0 al m\u00f3n digital.","publisher":{"@id":"https:\/\/accentobert.cat\/es\/#organization"},"potentialAction":[{"@type":"SearchAction","target":{"@type":"EntryPoint","urlTemplate":"https:\/\/accentobert.cat\/es\/?s={search_term_string}"},"query-input":{"@type":"PropertyValueSpecification","valueRequired":true,"valueName":"search_term_string"}}],"inLanguage":"es"},{"@type":"Organization","@id":"https:\/\/accentobert.cat\/es\/#organization","name":"Accent Obert","alternateName":"Accent Obert","url":"https:\/\/accentobert.cat\/es\/","logo":{"@type":"ImageObject","inLanguage":"es","@id":"https:\/\/accentobert.cat\/es\/#\/schema\/logo\/image\/","url":"https:\/\/accentobert.cat\/wp-content\/uploads\/2025\/04\/af-accent-obert-logotip-rgb-negre.png","contentUrl":"https:\/\/accentobert.cat\/wp-content\/uploads\/2025\/04\/af-accent-obert-logotip-rgb-negre.png","width":1833,"height":780,"caption":"Accent Obert"},"image":{"@id":"https:\/\/accentobert.cat\/es\/#\/schema\/logo\/image\/"},"sameAs":["https:\/\/www.facebook.com\/accentobertoficial","https:\/\/x.com\/accentobert_","https:\/\/www.linkedin.com\/company\/accent-obert","https:\/\/www.instagram.com\/accentobert_\/","https:\/\/www.youtube.com\/@AccentObert","https:\/\/bsky.app\/profile\/accentobert.cat"],"email":"info@accentobert.cat","telephone":"+34 936 750 354","legalName":"Accent Obert"}]}},"_links":{"self":[{"href":"https:\/\/accentobert.cat\/es\/wp-json\/wp\/v2\/pages\/7366","targetHints":{"allow":["GET"]}}],"collection":[{"href":"https:\/\/accentobert.cat\/es\/wp-json\/wp\/v2\/pages"}],"about":[{"href":"https:\/\/accentobert.cat\/es\/wp-json\/wp\/v2\/types\/page"}],"author":[{"embeddable":true,"href":"https:\/\/accentobert.cat\/es\/wp-json\/wp\/v2\/users\/9"}],"replies":[{"embeddable":true,"href":"https:\/\/accentobert.cat\/es\/wp-json\/wp\/v2\/comments?post=7366"}],"version-history":[{"count":0,"href":"https:\/\/accentobert.cat\/es\/wp-json\/wp\/v2\/pages\/7366\/revisions"}],"wp:attachment":[{"href":"https:\/\/accentobert.cat\/es\/wp-json\/wp\/v2\/media?parent=7366"}],"curies":[{"name":"wp","href":"https:\/\/api.w.org\/{rel}","templated":true}]}}