{"id":7321,"date":"2025-03-31T15:50:25","date_gmt":"2025-03-31T13:50:25","guid":{"rendered":"https:\/\/accentobert.cat\/aviso-legal\/"},"modified":"2025-07-02T12:30:51","modified_gmt":"2025-07-02T10:30:51","slug":"aviso-legal","status":"publish","type":"page","link":"https:\/\/accentobert.cat\/es\/aviso-legal\/","title":{"rendered":"Aviso legal"},"content":{"rendered":"<h2 class=\"ai-optimize-6\"><strong>Accent Obert<\/strong><\/h2>\n<p class=\"ai-optimize-7 ai-optimize-introduction\"><strong>Accent Obert<\/strong> es una entidad sin \u00e1nimo de lucro registrada en el a\u00f1o 2005 en la Direcci\u00f3n General de Derecho y Entidades Jur\u00eddicas de la Generalidad de Catalu\u00f1a con los siguientes datos:<\/p>\n<ul>\n<li class=\"ai-optimize-8\">Nombre: Fundaci\u00f3 privada puntCAT<\/li>\n<li class=\"ai-optimize-9\">Direcci\u00f3n: Pla\u00e7a Nova, 5, 7a planta<\/li>\n<li class=\"ai-optimize-10\">08002 Barcelona<\/li>\n<li class=\"ai-optimize-11\">08002 Barcelona<\/li>\n<li class=\"ai-optimize-12\">N\u00famero de registro: 2100<\/li>\n<li class=\"ai-optimize-13\">N\u00famero de identificaci\u00f3n fiscal: G-63719025<\/li>\n<li class=\"ai-optimize-14\">direcci\u00f3n de correo electr\u00f3nico (asuntos de privacidad): legal@domini.cat<\/li>\n<\/ul>\n<p class=\"ai-optimize-15\"><strong>AVISO GENERAL WEB<\/strong><br \/>\nEste aviso tiene por objeto establecer las Condiciones que regulan el acceso y uso de la p\u00e1gina de Accent Obert. El acceso y uso de la misma implican el sometimiento y aceptaci\u00f3n de las condiciones que se detallan seguidamente.<br \/>\nEl contenido de esta p\u00e1gina podr\u00e1 ser modificado en cualquier momento por parte de su titular, sin necesidad de comunicaci\u00f3n previa por parte de Accent Obert.<br \/>\nAccent Obert no se hace responsable de los contenidos a los que apunten los links que se puedan ofrecer desde esta p\u00e1gina y que no se correspondan a dominios titularidad de Accent Obert.<br \/>\nLos anunciantes y patrocinadores con los que Accent Obert pueda establecer relaciones comerciales son los responsables tanto del cumplimiento de las leyes como de los contenidos del material que difundan y publiquen mediante la p\u00e1gina de Accent Obert.<\/p>\n<p class=\"ai-optimize-16\"><strong>Propiedad intelectual e industrial<\/strong><br \/>\nEsta web y todos los contenidos, incluyendo textos, im\u00e1genes, audios, v\u00eddeos, dise\u00f1os, as\u00ed como cualquier otro material susceptible de protecci\u00f3n, son titularidad de Accent Obert. Todos aquellos contenidos de los que Accent Obert no sea su titular, ser\u00e1n incluidos en la p\u00e1gina \u00fanicamente despu\u00e9s de haber obtenido el consentimiento correspondiente de sus leg\u00edtimos titulares.<br \/>\nEn este \u00faltimo caso, se reflejar\u00e1 la autor\u00eda de forma que pueda identificarse el origen de la titularidad.<br \/>\nCiertos materiales se ofrecen bajo una licencia Creative Commons. Las condiciones de la citada licencia pueden variar de unos materiales a otros, y las condiciones en las que se puedan utilizar por parte de los interesados \u200b\u200bse detallan en cada caso concreto.<br \/>\nEl ofrecimiento de ciertos materiales bajo las condiciones de estas licencias no implicar\u00e1 en ning\u00fan caso la extensi\u00f3n de estas condiciones a otras.  <\/p>\n<p class=\"ai-optimize-17\"><strong>Responsabilidad sobre contenido y uso<\/strong><br \/>\nEl usuario se compromete a hacer un uso correcto de todos los contenidos y servicios de la web y no modificar\u00e1 ni da\u00f1ar\u00e1, en modo alguno, los datos, programas o documentos de la web, ni introducir\u00e1 ning\u00fan tipo de dispositivo l\u00f3gico o secuencia de caracteres que pueda afectar al sistema inform\u00e1tico de la web, incluidos los medios de protecci\u00f3n y de seguridad.<br \/>\nAccent Obert no se hace responsable de los posibles da\u00f1os o perjuicios provocados por interferencias, omisiones, interrupciones, virus inform\u00e1ticos, aver\u00edas o desconexiones de este sistema electr\u00f3nico.<br \/>\nAccent Obert se reserva el derecho de efectuar, sin previo aviso, los cambios que considere oportunos en la web, y de suspender temporalmente su acceso para introducir mejoras o para su mantenimiento.<br \/>\nEl usuario se compromete a hacer un uso adecuado de los canales de comunicaci\u00f3n de cualquier tipo que Accent Obert ofrezca en esta p\u00e1gina, y a no utilizarlos para incurrir en actividades il\u00edcitas o contrarias a la buena fe y al ordenamiento legal. Entre otros, pero no exclusivamente: difundir contenidos o propaganda de ning\u00fan tipo, insultos, opiniones que puedan ser calificados como delitos contra el honor<br \/>\nAccent Obert eliminar\u00e1 todas aquellas manifestaciones que no respeten lo mencionado en el p\u00e1rrafo anterior. <\/p>\n<p class=\"ai-optimize-18\"><strong>Protecci\u00f3n de datos<br \/>\n<\/strong> Accent Obert cumple el <a title=\"RGPD\" href=\"https:\/\/apdcat.gencat.cat\/ca\/documentacio\/RGPD\/\" target=\"_blank\" rel=\"noopener noreferrer\">Reglamento General de Protecci\u00f3n de Datos 2016\/679<\/a>.<\/p>\n<p class=\"ai-optimize-19\">S\u00f3lo recogemos tus datos cuando es necesario y s\u00f3lo los indispensables, y, siempre que lo hagamos, te informamos adecuadamente de la recogida, y de tus derechos.<\/p>\n<p class=\"ai-optimize-20\">Puedes consultar <a title=\"Pol\u00edtica de privacidad\" href=\"https:\/\/accentobert.cat\/es\/politica-de-privacidad\/\">nuestra pol\u00edtica de privacidad<\/a> cuando quieras.<\/p>\n<p class=\"ai-optimize-21\"><strong>Limitaci\u00f3n de la responsabilidad<\/strong><br \/>\nAccent Obert no asume ninguna responsabilidad derivada, o que pudiera derivarse, de la utilizaci\u00f3n que los usuarios hagan de las informaciones y contenidos de esta p\u00e1gina web.<\/p>\n<p class=\"ai-optimize-22\"><strong>Pol\u00edtica de galletas<\/strong><br \/>\nTambi\u00e9n tienes a tu disposici\u00f3n nuestra <a href=\"https:\/\/domini.cat\/politica-de-galetes\/\">pol\u00edtica de cookies<\/a>, especificando las que utiliza este sitio web.<\/p>\n","protected":false},"excerpt":{"rendered":"<p>Accent Obert Accent Obert es una entidad sin \u00e1nimo de lucro registrada en el a\u00f1o 2005 en la Direcci\u00f3n General de Derecho y Entidades Jur\u00eddicas de la Generalidad de Catalu\u00f1a con los siguientes datos: Nombre: Fundaci\u00f3 privada puntCAT Direcci\u00f3n: Pla\u00e7a Nova, 5, 7a planta 08002 Barcelona 08002 Barcelona N\u00famero de registro: 2100 N\u00famero de identificaci\u00f3n [&hellip;]<\/p>\n","protected":false},"author":1,"featured_media":0,"parent":0,"menu_order":31,"comment_status":"closed","ping_status":"closed","template":"page-legal.php","meta":{"_acf_changed":false,"footnotes":""},"class_list":["post-7321","page","type-page","status-publish","hentry"],"acf":[],"yoast_head":"<!-- This site is optimized with the Yoast SEO Premium plugin v27.4 (Yoast SEO v27.4) - https:\/\/yoast.com\/product\/yoast-seo-premium-wordpress\/ -->\n<title>Aviso legal - Accent Obert<\/title>\n<meta name=\"robots\" content=\"index, follow, max-snippet:-1, max-image-preview:large, max-video-preview:-1\" \/>\n<link rel=\"canonical\" href=\"https:\/\/accentobert.cat\/es\/aviso-legal\/\" \/>\n<meta property=\"og:locale\" content=\"es_ES\" \/>\n<meta property=\"og:type\" content=\"article\" \/>\n<meta property=\"og:title\" content=\"Aviso legal\" \/>\n<meta property=\"og:description\" content=\"Accent Obert Accent Obert es una entidad sin \u00e1nimo de lucro registrada en el a\u00f1o 2005 en la Direcci\u00f3n General de Derecho y Entidades Jur\u00eddicas de la Generalidad de Catalu\u00f1a con los siguientes datos: Nombre: Fundaci\u00f3 privada puntCAT Direcci\u00f3n: Pla\u00e7a Nova, 5, 7a planta 08002 Barcelona 08002 Barcelona N\u00famero de registro: 2100 N\u00famero de identificaci\u00f3n [&hellip;]\" \/>\n<meta property=\"og:url\" content=\"https:\/\/accentobert.cat\/es\/aviso-legal\/\" \/>\n<meta property=\"og:site_name\" content=\"Accent Obert\" \/>\n<meta property=\"article:publisher\" content=\"https:\/\/www.facebook.com\/accentobertoficial\" \/>\n<meta property=\"article:modified_time\" content=\"2025-07-02T10:30:51+00:00\" \/>\n<meta name=\"twitter:card\" content=\"summary_large_image\" \/>\n<meta name=\"twitter:site\" content=\"@accentobert_\" \/>\n<meta name=\"twitter:label1\" content=\"Tiempo de lectura\" \/>\n\t<meta name=\"twitter:data1\" content=\"3 minutos\" \/>\n<script type=\"application\/ld+json\" class=\"yoast-schema-graph\">{\"@context\":\"https:\\\/\\\/schema.org\",\"@graph\":[{\"@type\":\"WebPage\",\"@id\":\"https:\\\/\\\/accentobert.cat\\\/es\\\/aviso-legal\\\/\",\"url\":\"https:\\\/\\\/accentobert.cat\\\/es\\\/aviso-legal\\\/\",\"name\":\"Aviso legal - Accent Obert\",\"isPartOf\":{\"@id\":\"https:\\\/\\\/accentobert.cat\\\/es\\\/#website\"},\"datePublished\":\"2025-03-31T13:50:25+00:00\",\"dateModified\":\"2025-07-02T10:30:51+00:00\",\"breadcrumb\":{\"@id\":\"https:\\\/\\\/accentobert.cat\\\/es\\\/aviso-legal\\\/#breadcrumb\"},\"inLanguage\":\"es\",\"potentialAction\":[{\"@type\":\"ReadAction\",\"target\":[\"https:\\\/\\\/accentobert.cat\\\/es\\\/aviso-legal\\\/\"]}]},{\"@type\":\"BreadcrumbList\",\"@id\":\"https:\\\/\\\/accentobert.cat\\\/es\\\/aviso-legal\\\/#breadcrumb\",\"itemListElement\":[{\"@type\":\"ListItem\",\"position\":1,\"name\":\"Inici\",\"item\":\"https:\\\/\\\/accentobert.cat\\\/es\\\/\"},{\"@type\":\"ListItem\",\"position\":2,\"name\":\"Aviso legal\"}]},{\"@type\":\"WebSite\",\"@id\":\"https:\\\/\\\/accentobert.cat\\\/es\\\/#website\",\"url\":\"https:\\\/\\\/accentobert.cat\\\/es\\\/\",\"name\":\"Accent Obert\",\"description\":\"Treballem perqu\u00e8 qualsevol persona pugui viure plenament en catal\u00e0 al m\u00f3n digital.\",\"publisher\":{\"@id\":\"https:\\\/\\\/accentobert.cat\\\/es\\\/#organization\"},\"potentialAction\":[{\"@type\":\"SearchAction\",\"target\":{\"@type\":\"EntryPoint\",\"urlTemplate\":\"https:\\\/\\\/accentobert.cat\\\/es\\\/?s={search_term_string}\"},\"query-input\":{\"@type\":\"PropertyValueSpecification\",\"valueRequired\":true,\"valueName\":\"search_term_string\"}}],\"inLanguage\":\"es\"},{\"@type\":\"Organization\",\"@id\":\"https:\\\/\\\/accentobert.cat\\\/es\\\/#organization\",\"name\":\"Accent Obert\",\"alternateName\":\"Accent Obert\",\"url\":\"https:\\\/\\\/accentobert.cat\\\/es\\\/\",\"logo\":{\"@type\":\"ImageObject\",\"inLanguage\":\"es\",\"@id\":\"https:\\\/\\\/accentobert.cat\\\/es\\\/#\\\/schema\\\/logo\\\/image\\\/\",\"url\":\"https:\\\/\\\/accentobert.cat\\\/wp-content\\\/uploads\\\/2025\\\/04\\\/af-accent-obert-logotip-rgb-negre.png\",\"contentUrl\":\"https:\\\/\\\/accentobert.cat\\\/wp-content\\\/uploads\\\/2025\\\/04\\\/af-accent-obert-logotip-rgb-negre.png\",\"width\":1833,\"height\":780,\"caption\":\"Accent Obert\"},\"image\":{\"@id\":\"https:\\\/\\\/accentobert.cat\\\/es\\\/#\\\/schema\\\/logo\\\/image\\\/\"},\"sameAs\":[\"https:\\\/\\\/www.facebook.com\\\/accentobertoficial\",\"https:\\\/\\\/x.com\\\/accentobert_\",\"https:\\\/\\\/www.linkedin.com\\\/company\\\/accent-obert\",\"https:\\\/\\\/www.instagram.com\\\/accentobert_\\\/\",\"https:\\\/\\\/www.youtube.com\\\/@AccentObert\",\"https:\\\/\\\/bsky.app\\\/profile\\\/accentobert.cat\"],\"email\":\"info@accentobert.cat\",\"telephone\":\"+34 936 750 354\",\"legalName\":\"Accent Obert\"}]}<\/script>\n<!-- \/ Yoast SEO Premium plugin. -->","yoast_head_json":{"title":"Aviso legal - Accent Obert","robots":{"index":"index","follow":"follow","max-snippet":"max-snippet:-1","max-image-preview":"max-image-preview:large","max-video-preview":"max-video-preview:-1"},"canonical":"https:\/\/accentobert.cat\/es\/aviso-legal\/","og_locale":"es_ES","og_type":"article","og_title":"Aviso legal","og_description":"Accent Obert Accent Obert es una entidad sin \u00e1nimo de lucro registrada en el a\u00f1o 2005 en la Direcci\u00f3n General de Derecho y Entidades Jur\u00eddicas de la Generalidad de Catalu\u00f1a con los siguientes datos: Nombre: Fundaci\u00f3 privada puntCAT Direcci\u00f3n: Pla\u00e7a Nova, 5, 7a planta 08002 Barcelona 08002 Barcelona N\u00famero de registro: 2100 N\u00famero de identificaci\u00f3n [&hellip;]","og_url":"https:\/\/accentobert.cat\/es\/aviso-legal\/","og_site_name":"Accent Obert","article_publisher":"https:\/\/www.facebook.com\/accentobertoficial","article_modified_time":"2025-07-02T10:30:51+00:00","twitter_card":"summary_large_image","twitter_site":"@accentobert_","twitter_misc":{"Tiempo de lectura":"3 minutos"},"schema":{"@context":"https:\/\/schema.org","@graph":[{"@type":"WebPage","@id":"https:\/\/accentobert.cat\/es\/aviso-legal\/","url":"https:\/\/accentobert.cat\/es\/aviso-legal\/","name":"Aviso legal - Accent Obert","isPartOf":{"@id":"https:\/\/accentobert.cat\/es\/#website"},"datePublished":"2025-03-31T13:50:25+00:00","dateModified":"2025-07-02T10:30:51+00:00","breadcrumb":{"@id":"https:\/\/accentobert.cat\/es\/aviso-legal\/#breadcrumb"},"inLanguage":"es","potentialAction":[{"@type":"ReadAction","target":["https:\/\/accentobert.cat\/es\/aviso-legal\/"]}]},{"@type":"BreadcrumbList","@id":"https:\/\/accentobert.cat\/es\/aviso-legal\/#breadcrumb","itemListElement":[{"@type":"ListItem","position":1,"name":"Inici","item":"https:\/\/accentobert.cat\/es\/"},{"@type":"ListItem","position":2,"name":"Aviso legal"}]},{"@type":"WebSite","@id":"https:\/\/accentobert.cat\/es\/#website","url":"https:\/\/accentobert.cat\/es\/","name":"Accent Obert","description":"Treballem perqu\u00e8 qualsevol persona pugui viure plenament en catal\u00e0 al m\u00f3n digital.","publisher":{"@id":"https:\/\/accentobert.cat\/es\/#organization"},"potentialAction":[{"@type":"SearchAction","target":{"@type":"EntryPoint","urlTemplate":"https:\/\/accentobert.cat\/es\/?s={search_term_string}"},"query-input":{"@type":"PropertyValueSpecification","valueRequired":true,"valueName":"search_term_string"}}],"inLanguage":"es"},{"@type":"Organization","@id":"https:\/\/accentobert.cat\/es\/#organization","name":"Accent Obert","alternateName":"Accent Obert","url":"https:\/\/accentobert.cat\/es\/","logo":{"@type":"ImageObject","inLanguage":"es","@id":"https:\/\/accentobert.cat\/es\/#\/schema\/logo\/image\/","url":"https:\/\/accentobert.cat\/wp-content\/uploads\/2025\/04\/af-accent-obert-logotip-rgb-negre.png","contentUrl":"https:\/\/accentobert.cat\/wp-content\/uploads\/2025\/04\/af-accent-obert-logotip-rgb-negre.png","width":1833,"height":780,"caption":"Accent Obert"},"image":{"@id":"https:\/\/accentobert.cat\/es\/#\/schema\/logo\/image\/"},"sameAs":["https:\/\/www.facebook.com\/accentobertoficial","https:\/\/x.com\/accentobert_","https:\/\/www.linkedin.com\/company\/accent-obert","https:\/\/www.instagram.com\/accentobert_\/","https:\/\/www.youtube.com\/@AccentObert","https:\/\/bsky.app\/profile\/accentobert.cat"],"email":"info@accentobert.cat","telephone":"+34 936 750 354","legalName":"Accent Obert"}]}},"_links":{"self":[{"href":"https:\/\/accentobert.cat\/es\/wp-json\/wp\/v2\/pages\/7321","targetHints":{"allow":["GET"]}}],"collection":[{"href":"https:\/\/accentobert.cat\/es\/wp-json\/wp\/v2\/pages"}],"about":[{"href":"https:\/\/accentobert.cat\/es\/wp-json\/wp\/v2\/types\/page"}],"author":[{"embeddable":true,"href":"https:\/\/accentobert.cat\/es\/wp-json\/wp\/v2\/users\/1"}],"replies":[{"embeddable":true,"href":"https:\/\/accentobert.cat\/es\/wp-json\/wp\/v2\/comments?post=7321"}],"version-history":[{"count":0,"href":"https:\/\/accentobert.cat\/es\/wp-json\/wp\/v2\/pages\/7321\/revisions"}],"wp:attachment":[{"href":"https:\/\/accentobert.cat\/es\/wp-json\/wp\/v2\/media?parent=7321"}],"curies":[{"name":"wp","href":"https:\/\/api.w.org\/{rel}","templated":true}]}}