{"id":7318,"date":"2025-03-31T15:50:12","date_gmt":"2025-03-31T13:50:12","guid":{"rendered":"https:\/\/accentobert.cat\/politica-de-privacidad\/"},"modified":"2026-03-12T12:13:31","modified_gmt":"2026-03-12T10:13:31","slug":"politica-de-privacidad","status":"publish","type":"page","link":"https:\/\/accentobert.cat\/es\/politica-de-privacidad\/","title":{"rendered":"Pol\u00edtica de privacidad"},"content":{"rendered":"<h3 class=\"ai-optimize-8\">Te invitamos a leer cuidadosamente esta pol\u00edtica de privacidad para tener una buena comprensi\u00f3n sobre c\u00f3mo protegemos tus datos personales.<\/h3>\n<h2 class=\"ai-optimize-9\">Accent Obert<\/h2>\n<p class=\"ai-optimize-10 ai-optimize-introduction\"><strong>Accent Obert<\/strong> es una entidad sin \u00e1nimo de lucro registrada el a\u00f1o 2005 en la Direcci\u00f3n General de Derecho y Entidades Jur\u00eddicas de la Generalidad de Catalu\u00f1a con los siguientes datos:<\/p>\n<ul>\n<li class=\"ai-optimize-11\">Nombre: Fundaci\u00f3 privada puntCAT<\/li>\n<li class=\"ai-optimize-12\">Direcci\u00f3n: Pla\u00e7a Nova, 5, 7a planta<\/li>\n<li class=\"ai-optimize-13\">08002 Barcelona<\/li>\n<li class=\"ai-optimize-14\">N\u00famero de registro: 2100<\/li>\n<li class=\"ai-optimize-16\">N\u00famero de identificaci\u00f3n fiscal: G-63719025<\/li>\n<li class=\"ai-optimize-17\">direcci\u00f3n de correo electr\u00f3nico (asuntos de privacidad): legal@domini.cat<\/li>\n<\/ul>\n<h2 class=\"ai-optimize-18\">\u00bfEsta pol\u00edtica de privacidad te afecta?<\/h2>\n<p class=\"ai-optimize-19\">Esta pol\u00edtica de privacidad te afecta si has entrado en contacto con nosotros, entre otros, en los siguientes casos: si has registrado un dominio .cat; porque eres un contacto asociado con un nombre de dominio .cat; como trabajador de una entidad con la que tenemos una relaci\u00f3n contractual; como suscriptor de nuestro bolet\u00edn; como visitante de nuestras p\u00e1ginas web; como participante en alguna de nuestras actividades de formaci\u00f3n; o a partir de cualquier otro canal con el que hayas contactado con nosotros (por correo electr\u00f3nico, tel\u00e9fono, eventos, etc.).<\/p>\n<p class=\"ai-optimize-20\">Tus datos personales se pueden recoger a trav\u00e9s de los siguientes m\u00e9todos: mediante los procesos de registro de nombres de dominio; mediante nuestra red de registradores acreditados; por correo electr\u00f3nico; por tel\u00e9fono; por fax; por tu inscripci\u00f3n para participar en cualquiera de nuestras actividades de formaci\u00f3n; por asistencia a un evento; mediante cookies u otras tecnolog\u00edas para rastrear visitantes a nuestros sitios Web; a trav\u00e9s de la comunicaci\u00f3n de proveedores o socios; mediante un formulario en nuestros sitios web; o por cualquier otro medio de los que podamos utilizar para llevar a cabo nuestras actividades.<\/p>\n<h2 class=\"ai-optimize-21\">\u00bfQu\u00e9 datos personales tuyos procesamos?<\/h2>\n<p class=\"ai-optimize-22\">Los datos personales son cualquier informaci\u00f3n relacionada con una persona f\u00edsica identificada o identificable (i) que nos proporcione voluntariamente (p. ej. a trav\u00e9s de nuestros formularios de nuestra web), (ii) que nos haya proporcionado tu registrador por el registro de tu nombre de dominio, (iii) que recojamos de tu asistencia a nuestros eventos o visitas a nuestro sitio web (s).   <\/p>\n<p class=\"ai-optimize-23\">En el contexto de nuestras actividades comerciales y de formaci\u00f3n y para proporcionarte un buen servicio y mejorar nuestros servicios siempre que sea posible, y dependiendo de la informaci\u00f3n que necesitemos para poder llevar a cabo el servicio por el que has entrado en contacto con nosotros, podremos procesar los siguientes datos personales: tu nombre, tu correo electr\u00f3nico, la organizaci\u00f3n a la que trabajas, tu cargo, tu direcci\u00f3n personal, tu preferencia de idioma, tu g\u00e9nero, tu edad, tu sobrenombre de identificaci\u00f3n \u00fanico en nuestro sistema, tu nombre de dominio, los datos financieros, los datos relacionados con la cuenta bancaria o la informaci\u00f3n de la tarjeta de cr\u00e9dito, los datos judiciales relativos a los nombres de dominio, tu direcci\u00f3n IP, im\u00e1genes y archivos de v\u00eddeo.<\/p>\n<p class=\"ai-optimize-24\">Para realizar algunas de las actividades de formaci\u00f3n podemos tener que procesar tu DNI y tu situaci\u00f3n laboral. Estos datos los pediremos \u00fanicamente en los casos en que sean imprescindibles por dos motivos: para comprobar la idoneidad de los candidatos para realizar el curso y certificar la participaci\u00f3n.<br \/>\nEn el caso de los titulares de dominios y contactos asociados, dado que no es posible registrar un nombre de dominio directamente con nosotros, recogemos tus datos personales a trav\u00e9s de la empresa con la que has registrado tu dominio. Esta empresa puede ser uno de nuestros registradores acreditados o uno de sus distribuidores que recogen tus datos personales en nuestro nombre. <\/p>\n<h2 class=\"ai-optimize-25\">\u00bfCon qu\u00e9 finalidad procesamos tus datos personales?<\/h2>\n<p class=\"ai-optimize-26\">Procesamos tus datos personales con distintos prop\u00f3sitos:<\/p>\n<ul>\n<li class=\"ai-optimize-27\">Para poder ofrecer los mejores servicios posibles para tu dominio, debemos recoger datos personales en relaci\u00f3n a tu nombre de dominio. Esto tambi\u00e9n nos permite identificarte y contactarte directamente en relaci\u00f3n con el registro de tu nombre de dominio, si fuera necesario. <\/li>\n<li class=\"ai-optimize-28\">Utilizamos tus datos personales para mantener y construir relaciones a largo plazo y ejecutar el contrato que podamos tener. Utilizamos tus datos personales para responder a tus consultas, para cumplir tus solicitudes y\/o para enviarte informaci\u00f3n administrativa. <\/li>\n<li class=\"ai-optimize-29\">Tus datos personales pueden utilizarse para cumplir la normativa aplicable. Tambi\u00e9n se pueden utilizar para responder a solicitudes o reclamaciones de las autoridades p\u00fablicas y gubernamentales, incluidas las autoridades p\u00fablicas y gubernamentales fuera de tu pa\u00eds de residencia, o para proteger nuestros derechos, privacidad, seguridad o propiedad y\/o nuestras entidades. <\/li>\n<li class=\"ai-optimize-30\">Podemos utilizar tus datos personales para enviarte mensajes promocionales, marketing, informaci\u00f3n sobre la comunidad .cat y otra informaci\u00f3n que te pueda ser de inter\u00e9s.<\/li>\n<\/ul>\n<h2 class=\"ai-optimize-31\">Principios observados en la recogida y tratamiento de datos personales<\/h2>\n<p class=\"ai-optimize-32\"><strong>Accent Obert<\/strong> cumplir\u00e1 los siguientes principios para regular el tratamiento de los datos de car\u00e1cter personal que:<\/p>\n<ul>\n<li class=\"ai-optimize-33\">S\u00f3lo ser\u00e1n procesadas de forma leg\u00edtima, justa y transparente en relaci\u00f3n a los titulares de nombres registrados y otros datos (\u201clegalidad, equidad y transparencia\u201d);<\/li>\n<li class=\"ai-optimize-34\">S\u00f3lo se obtendr\u00e1n con fines espec\u00edficos, expl\u00edcitos y leg\u00edtimos, y no se procesar\u00e1 en modo alguno incompatible con este prop\u00f3sito (\u201climitaci\u00f3n de prop\u00f3sito\u201d);<\/li>\n<li class=\"ai-optimize-35\">Ser adecuado, relevante y no excesivo en relaci\u00f3n a los prop\u00f3sitos para los que se procesan (\u201cminimizaci\u00f3n de datos\u201d);<\/li>\n<li class=\"ai-optimize-36\">Ser preciso y, si es necesario, mantenerse actualizado, seg\u00fan corresponda a los prop\u00f3sitos por los que est\u00e1n procesados \u200b\u200b(\u201cprecisi\u00f3n\u201d);<\/li>\n<li class=\"ai-optimize-37\">No se mantenga en un formulario que permita identificar al titular del nombre registrado y otros sujetos de datos por m\u00e1s tiempo del que sea necesario para los fines permitidos (\u201climitaci\u00f3n de almacenamiento\u201d); y<\/li>\n<li class=\"ai-optimize-38\">Ser procesado de forma que garantice la seguridad adecuada de los datos personales, incluida la protecci\u00f3n contra el procesamiento no autorizado o ilegal y contra la p\u00e9rdida, destrucci\u00f3n o da\u00f1o accidental, utilizando medidas t\u00e9cnicas u organizativas (\u201cintegridad y confidencialidad\u201d) adecuadas.<\/li>\n<\/ul>\n","protected":false},"excerpt":{"rendered":"<p>Te invitamos a leer cuidadosamente esta pol\u00edtica de privacidad para tener una buena comprensi\u00f3n sobre c\u00f3mo protegemos tus datos personales. Accent Obert Accent Obert es una entidad sin \u00e1nimo de lucro registrada el a\u00f1o 2005 en la Direcci\u00f3n General de Derecho y Entidades Jur\u00eddicas de la Generalidad de Catalu\u00f1a con los siguientes datos: Nombre: Fundaci\u00f3 [&hellip;]<\/p>\n","protected":false},"author":1,"featured_media":0,"parent":0,"menu_order":26,"comment_status":"closed","ping_status":"closed","template":"page-legal.php","meta":{"_acf_changed":false,"footnotes":""},"class_list":["post-7318","page","type-page","status-publish","hentry"],"acf":[],"yoast_head":"<!-- This site is optimized with the Yoast SEO Premium plugin v27.4 (Yoast SEO v27.4) - https:\/\/yoast.com\/product\/yoast-seo-premium-wordpress\/ -->\n<title>Pol\u00edtica de privacidad - Accent Obert<\/title>\n<meta name=\"robots\" content=\"index, follow, max-snippet:-1, max-image-preview:large, max-video-preview:-1\" \/>\n<link rel=\"canonical\" href=\"https:\/\/accentobert.cat\/es\/politica-de-privacidad\/\" \/>\n<meta property=\"og:locale\" content=\"es_ES\" \/>\n<meta property=\"og:type\" content=\"article\" \/>\n<meta property=\"og:title\" content=\"Pol\u00edtica de privacidad\" \/>\n<meta property=\"og:description\" content=\"Te invitamos a leer cuidadosamente esta pol\u00edtica de privacidad para tener una buena comprensi\u00f3n sobre c\u00f3mo protegemos tus datos personales. Accent Obert Accent Obert es una entidad sin \u00e1nimo de lucro registrada el a\u00f1o 2005 en la Direcci\u00f3n General de Derecho y Entidades Jur\u00eddicas de la Generalidad de Catalu\u00f1a con los siguientes datos: Nombre: Fundaci\u00f3 [&hellip;]\" \/>\n<meta property=\"og:url\" content=\"https:\/\/accentobert.cat\/es\/politica-de-privacidad\/\" \/>\n<meta property=\"og:site_name\" content=\"Accent Obert\" \/>\n<meta property=\"article:publisher\" content=\"https:\/\/www.facebook.com\/accentobertoficial\" \/>\n<meta property=\"article:modified_time\" content=\"2026-03-12T10:13:31+00:00\" \/>\n<meta name=\"twitter:card\" content=\"summary_large_image\" \/>\n<meta name=\"twitter:site\" content=\"@accentobert_\" \/>\n<meta name=\"twitter:label1\" content=\"Tiempo de lectura\" \/>\n\t<meta name=\"twitter:data1\" content=\"5 minutos\" \/>\n<script type=\"application\/ld+json\" class=\"yoast-schema-graph\">{\"@context\":\"https:\\\/\\\/schema.org\",\"@graph\":[{\"@type\":\"WebPage\",\"@id\":\"https:\\\/\\\/accentobert.cat\\\/es\\\/politica-de-privacidad\\\/\",\"url\":\"https:\\\/\\\/accentobert.cat\\\/es\\\/politica-de-privacidad\\\/\",\"name\":\"Pol\u00edtica de privacidad - Accent Obert\",\"isPartOf\":{\"@id\":\"https:\\\/\\\/accentobert.cat\\\/es\\\/#website\"},\"datePublished\":\"2025-03-31T13:50:12+00:00\",\"dateModified\":\"2026-03-12T10:13:31+00:00\",\"breadcrumb\":{\"@id\":\"https:\\\/\\\/accentobert.cat\\\/es\\\/politica-de-privacidad\\\/#breadcrumb\"},\"inLanguage\":\"es\",\"potentialAction\":[{\"@type\":\"ReadAction\",\"target\":[\"https:\\\/\\\/accentobert.cat\\\/es\\\/politica-de-privacidad\\\/\"]}]},{\"@type\":\"BreadcrumbList\",\"@id\":\"https:\\\/\\\/accentobert.cat\\\/es\\\/politica-de-privacidad\\\/#breadcrumb\",\"itemListElement\":[{\"@type\":\"ListItem\",\"position\":1,\"name\":\"Inici\",\"item\":\"https:\\\/\\\/accentobert.cat\\\/es\\\/\"},{\"@type\":\"ListItem\",\"position\":2,\"name\":\"Pol\u00edtica de privacidad\"}]},{\"@type\":\"WebSite\",\"@id\":\"https:\\\/\\\/accentobert.cat\\\/es\\\/#website\",\"url\":\"https:\\\/\\\/accentobert.cat\\\/es\\\/\",\"name\":\"Accent Obert\",\"description\":\"Treballem perqu\u00e8 qualsevol persona pugui viure plenament en catal\u00e0 al m\u00f3n digital.\",\"publisher\":{\"@id\":\"https:\\\/\\\/accentobert.cat\\\/es\\\/#organization\"},\"potentialAction\":[{\"@type\":\"SearchAction\",\"target\":{\"@type\":\"EntryPoint\",\"urlTemplate\":\"https:\\\/\\\/accentobert.cat\\\/es\\\/?s={search_term_string}\"},\"query-input\":{\"@type\":\"PropertyValueSpecification\",\"valueRequired\":true,\"valueName\":\"search_term_string\"}}],\"inLanguage\":\"es\"},{\"@type\":\"Organization\",\"@id\":\"https:\\\/\\\/accentobert.cat\\\/es\\\/#organization\",\"name\":\"Accent Obert\",\"alternateName\":\"Accent Obert\",\"url\":\"https:\\\/\\\/accentobert.cat\\\/es\\\/\",\"logo\":{\"@type\":\"ImageObject\",\"inLanguage\":\"es\",\"@id\":\"https:\\\/\\\/accentobert.cat\\\/es\\\/#\\\/schema\\\/logo\\\/image\\\/\",\"url\":\"https:\\\/\\\/accentobert.cat\\\/wp-content\\\/uploads\\\/2025\\\/04\\\/af-accent-obert-logotip-rgb-negre.png\",\"contentUrl\":\"https:\\\/\\\/accentobert.cat\\\/wp-content\\\/uploads\\\/2025\\\/04\\\/af-accent-obert-logotip-rgb-negre.png\",\"width\":1833,\"height\":780,\"caption\":\"Accent Obert\"},\"image\":{\"@id\":\"https:\\\/\\\/accentobert.cat\\\/es\\\/#\\\/schema\\\/logo\\\/image\\\/\"},\"sameAs\":[\"https:\\\/\\\/www.facebook.com\\\/accentobertoficial\",\"https:\\\/\\\/x.com\\\/accentobert_\",\"https:\\\/\\\/www.linkedin.com\\\/company\\\/accent-obert\",\"https:\\\/\\\/www.instagram.com\\\/accentobert_\\\/\",\"https:\\\/\\\/www.youtube.com\\\/@AccentObert\",\"https:\\\/\\\/bsky.app\\\/profile\\\/accentobert.cat\"],\"email\":\"info@accentobert.cat\",\"telephone\":\"+34 936 750 354\",\"legalName\":\"Accent Obert\"}]}<\/script>\n<!-- \/ Yoast SEO Premium plugin. -->","yoast_head_json":{"title":"Pol\u00edtica de privacidad - Accent Obert","robots":{"index":"index","follow":"follow","max-snippet":"max-snippet:-1","max-image-preview":"max-image-preview:large","max-video-preview":"max-video-preview:-1"},"canonical":"https:\/\/accentobert.cat\/es\/politica-de-privacidad\/","og_locale":"es_ES","og_type":"article","og_title":"Pol\u00edtica de privacidad","og_description":"Te invitamos a leer cuidadosamente esta pol\u00edtica de privacidad para tener una buena comprensi\u00f3n sobre c\u00f3mo protegemos tus datos personales. Accent Obert Accent Obert es una entidad sin \u00e1nimo de lucro registrada el a\u00f1o 2005 en la Direcci\u00f3n General de Derecho y Entidades Jur\u00eddicas de la Generalidad de Catalu\u00f1a con los siguientes datos: Nombre: Fundaci\u00f3 [&hellip;]","og_url":"https:\/\/accentobert.cat\/es\/politica-de-privacidad\/","og_site_name":"Accent Obert","article_publisher":"https:\/\/www.facebook.com\/accentobertoficial","article_modified_time":"2026-03-12T10:13:31+00:00","twitter_card":"summary_large_image","twitter_site":"@accentobert_","twitter_misc":{"Tiempo de lectura":"5 minutos"},"schema":{"@context":"https:\/\/schema.org","@graph":[{"@type":"WebPage","@id":"https:\/\/accentobert.cat\/es\/politica-de-privacidad\/","url":"https:\/\/accentobert.cat\/es\/politica-de-privacidad\/","name":"Pol\u00edtica de privacidad - Accent Obert","isPartOf":{"@id":"https:\/\/accentobert.cat\/es\/#website"},"datePublished":"2025-03-31T13:50:12+00:00","dateModified":"2026-03-12T10:13:31+00:00","breadcrumb":{"@id":"https:\/\/accentobert.cat\/es\/politica-de-privacidad\/#breadcrumb"},"inLanguage":"es","potentialAction":[{"@type":"ReadAction","target":["https:\/\/accentobert.cat\/es\/politica-de-privacidad\/"]}]},{"@type":"BreadcrumbList","@id":"https:\/\/accentobert.cat\/es\/politica-de-privacidad\/#breadcrumb","itemListElement":[{"@type":"ListItem","position":1,"name":"Inici","item":"https:\/\/accentobert.cat\/es\/"},{"@type":"ListItem","position":2,"name":"Pol\u00edtica de privacidad"}]},{"@type":"WebSite","@id":"https:\/\/accentobert.cat\/es\/#website","url":"https:\/\/accentobert.cat\/es\/","name":"Accent Obert","description":"Treballem perqu\u00e8 qualsevol persona pugui viure plenament en catal\u00e0 al m\u00f3n digital.","publisher":{"@id":"https:\/\/accentobert.cat\/es\/#organization"},"potentialAction":[{"@type":"SearchAction","target":{"@type":"EntryPoint","urlTemplate":"https:\/\/accentobert.cat\/es\/?s={search_term_string}"},"query-input":{"@type":"PropertyValueSpecification","valueRequired":true,"valueName":"search_term_string"}}],"inLanguage":"es"},{"@type":"Organization","@id":"https:\/\/accentobert.cat\/es\/#organization","name":"Accent Obert","alternateName":"Accent Obert","url":"https:\/\/accentobert.cat\/es\/","logo":{"@type":"ImageObject","inLanguage":"es","@id":"https:\/\/accentobert.cat\/es\/#\/schema\/logo\/image\/","url":"https:\/\/accentobert.cat\/wp-content\/uploads\/2025\/04\/af-accent-obert-logotip-rgb-negre.png","contentUrl":"https:\/\/accentobert.cat\/wp-content\/uploads\/2025\/04\/af-accent-obert-logotip-rgb-negre.png","width":1833,"height":780,"caption":"Accent Obert"},"image":{"@id":"https:\/\/accentobert.cat\/es\/#\/schema\/logo\/image\/"},"sameAs":["https:\/\/www.facebook.com\/accentobertoficial","https:\/\/x.com\/accentobert_","https:\/\/www.linkedin.com\/company\/accent-obert","https:\/\/www.instagram.com\/accentobert_\/","https:\/\/www.youtube.com\/@AccentObert","https:\/\/bsky.app\/profile\/accentobert.cat"],"email":"info@accentobert.cat","telephone":"+34 936 750 354","legalName":"Accent Obert"}]}},"_links":{"self":[{"href":"https:\/\/accentobert.cat\/es\/wp-json\/wp\/v2\/pages\/7318","targetHints":{"allow":["GET"]}}],"collection":[{"href":"https:\/\/accentobert.cat\/es\/wp-json\/wp\/v2\/pages"}],"about":[{"href":"https:\/\/accentobert.cat\/es\/wp-json\/wp\/v2\/types\/page"}],"author":[{"embeddable":true,"href":"https:\/\/accentobert.cat\/es\/wp-json\/wp\/v2\/users\/1"}],"replies":[{"embeddable":true,"href":"https:\/\/accentobert.cat\/es\/wp-json\/wp\/v2\/comments?post=7318"}],"version-history":[{"count":1,"href":"https:\/\/accentobert.cat\/es\/wp-json\/wp\/v2\/pages\/7318\/revisions"}],"predecessor-version":[{"id":7320,"href":"https:\/\/accentobert.cat\/es\/wp-json\/wp\/v2\/pages\/7318\/revisions\/7320"}],"wp:attachment":[{"href":"https:\/\/accentobert.cat\/es\/wp-json\/wp\/v2\/media?parent=7318"}],"curies":[{"name":"wp","href":"https:\/\/api.w.org\/{rel}","templated":true}]}}