{"id":5306,"date":"2025-04-10T11:17:48","date_gmt":"2025-04-10T09:17:48","guid":{"rendered":"https:\/\/accentobert.cat\/proyectos\/"},"modified":"2025-07-02T12:30:38","modified_gmt":"2025-07-02T10:30:38","slug":"proyectos","status":"publish","type":"page","link":"https:\/\/accentobert.cat\/es\/proyectos\/","title":{"rendered":"Proyectos"},"content":{"rendered":"","protected":false},"excerpt":{"rendered":"","protected":false},"author":1,"featured_media":0,"parent":0,"menu_order":13,"comment_status":"closed","ping_status":"closed","template":"page-projects.php","meta":{"_acf_changed":false,"footnotes":""},"class_list":["post-5306","page","type-page","status-publish","hentry"],"acf":[],"yoast_head":"<!-- This site is optimized with the Yoast SEO Premium plugin v27.4 (Yoast SEO v27.4) - https:\/\/yoast.com\/product\/yoast-seo-premium-wordpress\/ -->\n<title>Proyectos - Accent Obert<\/title>\n<meta name=\"robots\" content=\"index, follow, max-snippet:-1, max-image-preview:large, max-video-preview:-1\" \/>\n<link rel=\"canonical\" href=\"https:\/\/accentobert.cat\/es\/proyectos\/\" \/>\n<meta property=\"og:locale\" content=\"es_ES\" \/>\n<meta property=\"og:type\" content=\"article\" \/>\n<meta property=\"og:title\" content=\"Proyectos\" \/>\n<meta property=\"og:url\" content=\"https:\/\/accentobert.cat\/es\/proyectos\/\" \/>\n<meta property=\"og:site_name\" content=\"Accent Obert\" \/>\n<meta property=\"article:publisher\" content=\"https:\/\/www.facebook.com\/accentobertoficial\" \/>\n<meta property=\"article:modified_time\" content=\"2025-07-02T10:30:38+00:00\" \/>\n<meta name=\"twitter:card\" content=\"summary_large_image\" \/>\n<meta name=\"twitter:site\" content=\"@accentobert_\" \/>\n<script type=\"application\/ld+json\" class=\"yoast-schema-graph\">{\"@context\":\"https:\\\/\\\/schema.org\",\"@graph\":[{\"@type\":\"WebPage\",\"@id\":\"https:\\\/\\\/accentobert.cat\\\/es\\\/proyectos\\\/\",\"url\":\"https:\\\/\\\/accentobert.cat\\\/es\\\/proyectos\\\/\",\"name\":\"Proyectos - Accent Obert\",\"isPartOf\":{\"@id\":\"https:\\\/\\\/accentobert.cat\\\/es\\\/#website\"},\"datePublished\":\"2025-04-10T09:17:48+00:00\",\"dateModified\":\"2025-07-02T10:30:38+00:00\",\"breadcrumb\":{\"@id\":\"https:\\\/\\\/accentobert.cat\\\/es\\\/proyectos\\\/#breadcrumb\"},\"inLanguage\":\"es\",\"potentialAction\":[{\"@type\":\"ReadAction\",\"target\":[\"https:\\\/\\\/accentobert.cat\\\/es\\\/proyectos\\\/\"]}]},{\"@type\":\"BreadcrumbList\",\"@id\":\"https:\\\/\\\/accentobert.cat\\\/es\\\/proyectos\\\/#breadcrumb\",\"itemListElement\":[{\"@type\":\"ListItem\",\"position\":1,\"name\":\"Inici\",\"item\":\"https:\\\/\\\/accentobert.cat\\\/es\\\/\"},{\"@type\":\"ListItem\",\"position\":2,\"name\":\"Proyectos\"}]},{\"@type\":\"WebSite\",\"@id\":\"https:\\\/\\\/accentobert.cat\\\/es\\\/#website\",\"url\":\"https:\\\/\\\/accentobert.cat\\\/es\\\/\",\"name\":\"Accent Obert\",\"description\":\"Treballem perqu\u00e8 qualsevol persona pugui viure plenament en catal\u00e0 al m\u00f3n digital.\",\"publisher\":{\"@id\":\"https:\\\/\\\/accentobert.cat\\\/es\\\/#organization\"},\"potentialAction\":[{\"@type\":\"SearchAction\",\"target\":{\"@type\":\"EntryPoint\",\"urlTemplate\":\"https:\\\/\\\/accentobert.cat\\\/es\\\/?s={search_term_string}\"},\"query-input\":{\"@type\":\"PropertyValueSpecification\",\"valueRequired\":true,\"valueName\":\"search_term_string\"}}],\"inLanguage\":\"es\"},{\"@type\":\"Organization\",\"@id\":\"https:\\\/\\\/accentobert.cat\\\/es\\\/#organization\",\"name\":\"Accent Obert\",\"alternateName\":\"Accent Obert\",\"url\":\"https:\\\/\\\/accentobert.cat\\\/es\\\/\",\"logo\":{\"@type\":\"ImageObject\",\"inLanguage\":\"es\",\"@id\":\"https:\\\/\\\/accentobert.cat\\\/es\\\/#\\\/schema\\\/logo\\\/image\\\/\",\"url\":\"https:\\\/\\\/accentobert.cat\\\/wp-content\\\/uploads\\\/2025\\\/04\\\/af-accent-obert-logotip-rgb-negre.png\",\"contentUrl\":\"https:\\\/\\\/accentobert.cat\\\/wp-content\\\/uploads\\\/2025\\\/04\\\/af-accent-obert-logotip-rgb-negre.png\",\"width\":1833,\"height\":780,\"caption\":\"Accent Obert\"},\"image\":{\"@id\":\"https:\\\/\\\/accentobert.cat\\\/es\\\/#\\\/schema\\\/logo\\\/image\\\/\"},\"sameAs\":[\"https:\\\/\\\/www.facebook.com\\\/accentobertoficial\",\"https:\\\/\\\/x.com\\\/accentobert_\",\"https:\\\/\\\/www.linkedin.com\\\/company\\\/accent-obert\",\"https:\\\/\\\/www.instagram.com\\\/accentobert_\\\/\",\"https:\\\/\\\/www.youtube.com\\\/@AccentObert\",\"https:\\\/\\\/bsky.app\\\/profile\\\/accentobert.cat\"],\"email\":\"info@accentobert.cat\",\"telephone\":\"+34 936 750 354\",\"legalName\":\"Accent Obert\"}]}<\/script>\n<!-- \/ Yoast SEO Premium plugin. -->","yoast_head_json":{"title":"Proyectos - Accent Obert","robots":{"index":"index","follow":"follow","max-snippet":"max-snippet:-1","max-image-preview":"max-image-preview:large","max-video-preview":"max-video-preview:-1"},"canonical":"https:\/\/accentobert.cat\/es\/proyectos\/","og_locale":"es_ES","og_type":"article","og_title":"Proyectos","og_url":"https:\/\/accentobert.cat\/es\/proyectos\/","og_site_name":"Accent Obert","article_publisher":"https:\/\/www.facebook.com\/accentobertoficial","article_modified_time":"2025-07-02T10:30:38+00:00","twitter_card":"summary_large_image","twitter_site":"@accentobert_","schema":{"@context":"https:\/\/schema.org","@graph":[{"@type":"WebPage","@id":"https:\/\/accentobert.cat\/es\/proyectos\/","url":"https:\/\/accentobert.cat\/es\/proyectos\/","name":"Proyectos - Accent Obert","isPartOf":{"@id":"https:\/\/accentobert.cat\/es\/#website"},"datePublished":"2025-04-10T09:17:48+00:00","dateModified":"2025-07-02T10:30:38+00:00","breadcrumb":{"@id":"https:\/\/accentobert.cat\/es\/proyectos\/#breadcrumb"},"inLanguage":"es","potentialAction":[{"@type":"ReadAction","target":["https:\/\/accentobert.cat\/es\/proyectos\/"]}]},{"@type":"BreadcrumbList","@id":"https:\/\/accentobert.cat\/es\/proyectos\/#breadcrumb","itemListElement":[{"@type":"ListItem","position":1,"name":"Inici","item":"https:\/\/accentobert.cat\/es\/"},{"@type":"ListItem","position":2,"name":"Proyectos"}]},{"@type":"WebSite","@id":"https:\/\/accentobert.cat\/es\/#website","url":"https:\/\/accentobert.cat\/es\/","name":"Accent Obert","description":"Treballem perqu\u00e8 qualsevol persona pugui viure plenament en catal\u00e0 al m\u00f3n digital.","publisher":{"@id":"https:\/\/accentobert.cat\/es\/#organization"},"potentialAction":[{"@type":"SearchAction","target":{"@type":"EntryPoint","urlTemplate":"https:\/\/accentobert.cat\/es\/?s={search_term_string}"},"query-input":{"@type":"PropertyValueSpecification","valueRequired":true,"valueName":"search_term_string"}}],"inLanguage":"es"},{"@type":"Organization","@id":"https:\/\/accentobert.cat\/es\/#organization","name":"Accent Obert","alternateName":"Accent Obert","url":"https:\/\/accentobert.cat\/es\/","logo":{"@type":"ImageObject","inLanguage":"es","@id":"https:\/\/accentobert.cat\/es\/#\/schema\/logo\/image\/","url":"https:\/\/accentobert.cat\/wp-content\/uploads\/2025\/04\/af-accent-obert-logotip-rgb-negre.png","contentUrl":"https:\/\/accentobert.cat\/wp-content\/uploads\/2025\/04\/af-accent-obert-logotip-rgb-negre.png","width":1833,"height":780,"caption":"Accent Obert"},"image":{"@id":"https:\/\/accentobert.cat\/es\/#\/schema\/logo\/image\/"},"sameAs":["https:\/\/www.facebook.com\/accentobertoficial","https:\/\/x.com\/accentobert_","https:\/\/www.linkedin.com\/company\/accent-obert","https:\/\/www.instagram.com\/accentobert_\/","https:\/\/www.youtube.com\/@AccentObert","https:\/\/bsky.app\/profile\/accentobert.cat"],"email":"info@accentobert.cat","telephone":"+34 936 750 354","legalName":"Accent Obert"}]}},"_links":{"self":[{"href":"https:\/\/accentobert.cat\/es\/wp-json\/wp\/v2\/pages\/5306","targetHints":{"allow":["GET"]}}],"collection":[{"href":"https:\/\/accentobert.cat\/es\/wp-json\/wp\/v2\/pages"}],"about":[{"href":"https:\/\/accentobert.cat\/es\/wp-json\/wp\/v2\/types\/page"}],"author":[{"embeddable":true,"href":"https:\/\/accentobert.cat\/es\/wp-json\/wp\/v2\/users\/1"}],"replies":[{"embeddable":true,"href":"https:\/\/accentobert.cat\/es\/wp-json\/wp\/v2\/comments?post=5306"}],"version-history":[{"count":1,"href":"https:\/\/accentobert.cat\/es\/wp-json\/wp\/v2\/pages\/5306\/revisions"}],"predecessor-version":[{"id":5307,"href":"https:\/\/accentobert.cat\/es\/wp-json\/wp\/v2\/pages\/5306\/revisions\/5307"}],"wp:attachment":[{"href":"https:\/\/accentobert.cat\/es\/wp-json\/wp\/v2\/media?parent=5306"}],"curies":[{"name":"wp","href":"https:\/\/api.w.org\/{rel}","templated":true}]}}