{"id":7367,"date":"2025-06-05T13:00:58","date_gmt":"2025-06-05T11:00:58","guid":{"rendered":"https:\/\/accentobert.cat\/ens-and-security-policy\/"},"modified":"2025-07-02T12:30:25","modified_gmt":"2025-07-02T10:30:25","slug":"ens-and-security-policy","status":"publish","type":"page","link":"https:\/\/accentobert.cat\/en\/ens-and-security-policy\/","title":{"rendered":"ENS and Security Policy"},"content":{"rendered":"<p>As a service provider, <strong>Fundaci\u00f3 PuntCAT<\/strong> <strong>addresses security issues using an integrated management system (SIG) that is in line with the National Security Scheme<\/strong>.<\/p>\n<p>A Spanish regulatory framework known as the National Security Scheme (ENS) lays forth the security requirements that public administrations and service companies handling classified information must meet. In the event of potential security threats or incidents, the National Security Scheme seeks to safeguard private data and ensure the uninterrupted provision of public services. <\/p>\n<p>The following are some advantages of the ENS:<\/p>\n<ul>\n<li><strong>Information protection<\/strong>: offers a collection of rules and regulations to safeguard private data, guaranteeing its availability, confidentiality, and integrity.<\/li>\n<li><strong>Regulatory Compliance:<\/strong> alignment with current laws and regulations, avoiding possible legal sanctions.<\/li>\n<li><strong>Improved Security:<\/strong> reducing the risk of security incidents such as cyber attacks.<\/li>\n<li><strong>User and Customer Confidence<\/strong>: By proving adherence to the ENS, an organization can boost the trust of its stakeholders and citizens in its data protection capabilities.<\/li>\n<li><strong>Service Continuity<\/strong>: implementing business continuity strategies into action and making sure that vital services can keep running in case of emergencies.<\/li>\n<li><strong>Training and Awareness<\/strong>: encourages ongoing training and raises worker awareness of safety issues, building an organizational safety culture.<\/li>\n<li><strong>Interoperability:<\/strong> facilitates interoperability and secure collaboration between different public administrations and service providers.<\/li>\n<\/ul>\n<p>&nbsp;<\/p>\n<p>In keeping with this, it releases the definition of the <a href=\"https:\/\/accentobert.cat\/wp-content\/uploads\/2025\/06\/Org.01-POL-Politica-de-Seguretat-ENS-PUB-vWeb.pdf\">Security Policy<\/a> (version 2025) that follows in order to conform to this plan.<\/p>\n","protected":false},"excerpt":{"rendered":"<p>As a service provider, Fundaci\u00f3 PuntCAT addresses security issues using an integrated management system (SIG) that is in line with the National Security Scheme. A Spanish regulatory framework known as the National Security Scheme (ENS) lays forth the security requirements that public administrations and service companies handling classified information must meet. In the event of [&hellip;]<\/p>\n","protected":false},"author":9,"featured_media":0,"parent":0,"menu_order":32,"comment_status":"closed","ping_status":"closed","template":"page-legal.php","meta":{"_acf_changed":false,"footnotes":""},"class_list":["post-7367","page","type-page","status-publish","hentry"],"acf":[],"yoast_head":"<!-- This site is optimized with the Yoast SEO Premium plugin v27.4 (Yoast SEO v27.4) - https:\/\/yoast.com\/product\/yoast-seo-premium-wordpress\/ -->\n<title>ENS and Security Policy - Accent Obert<\/title>\n<meta name=\"robots\" content=\"index, follow, max-snippet:-1, max-image-preview:large, max-video-preview:-1\" \/>\n<link rel=\"canonical\" href=\"https:\/\/accentobert.cat\/en\/ens-and-security-policy\/\" \/>\n<meta property=\"og:locale\" content=\"en_US\" \/>\n<meta property=\"og:type\" content=\"article\" \/>\n<meta property=\"og:title\" content=\"ENS and Security Policy\" \/>\n<meta property=\"og:description\" content=\"As a service provider, Fundaci\u00f3 PuntCAT addresses security issues using an integrated management system (SIG) that is in line with the National Security Scheme. A Spanish regulatory framework known as the National Security Scheme (ENS) lays forth the security requirements that public administrations and service companies handling classified information must meet. In the event of [&hellip;]\" \/>\n<meta property=\"og:url\" content=\"https:\/\/accentobert.cat\/en\/ens-and-security-policy\/\" \/>\n<meta property=\"og:site_name\" content=\"Accent Obert\" \/>\n<meta property=\"article:publisher\" content=\"https:\/\/www.facebook.com\/accentobertoficial\" \/>\n<meta property=\"article:modified_time\" content=\"2025-07-02T10:30:25+00:00\" \/>\n<meta name=\"twitter:card\" content=\"summary_large_image\" \/>\n<meta name=\"twitter:site\" content=\"@accentobert_\" \/>\n<meta name=\"twitter:label1\" content=\"Est. reading time\" \/>\n\t<meta name=\"twitter:data1\" content=\"1 minute\" \/>\n<script type=\"application\/ld+json\" class=\"yoast-schema-graph\">{\"@context\":\"https:\\\/\\\/schema.org\",\"@graph\":[{\"@type\":\"WebPage\",\"@id\":\"https:\\\/\\\/accentobert.cat\\\/en\\\/ens-and-security-policy\\\/\",\"url\":\"https:\\\/\\\/accentobert.cat\\\/en\\\/ens-and-security-policy\\\/\",\"name\":\"ENS and Security Policy - Accent Obert\",\"isPartOf\":{\"@id\":\"https:\\\/\\\/accentobert.cat\\\/en\\\/#website\"},\"datePublished\":\"2025-06-05T11:00:58+00:00\",\"dateModified\":\"2025-07-02T10:30:25+00:00\",\"breadcrumb\":{\"@id\":\"https:\\\/\\\/accentobert.cat\\\/en\\\/ens-and-security-policy\\\/#breadcrumb\"},\"inLanguage\":\"en-US\",\"potentialAction\":[{\"@type\":\"ReadAction\",\"target\":[\"https:\\\/\\\/accentobert.cat\\\/en\\\/ens-and-security-policy\\\/\"]}]},{\"@type\":\"BreadcrumbList\",\"@id\":\"https:\\\/\\\/accentobert.cat\\\/en\\\/ens-and-security-policy\\\/#breadcrumb\",\"itemListElement\":[{\"@type\":\"ListItem\",\"position\":1,\"name\":\"Inici\",\"item\":\"https:\\\/\\\/accentobert.cat\\\/en\\\/\"},{\"@type\":\"ListItem\",\"position\":2,\"name\":\"ENS and Security Policy\"}]},{\"@type\":\"WebSite\",\"@id\":\"https:\\\/\\\/accentobert.cat\\\/en\\\/#website\",\"url\":\"https:\\\/\\\/accentobert.cat\\\/en\\\/\",\"name\":\"Accent Obert\",\"description\":\"Treballem perqu\u00e8 qualsevol persona pugui viure plenament en catal\u00e0 al m\u00f3n digital.\",\"publisher\":{\"@id\":\"https:\\\/\\\/accentobert.cat\\\/en\\\/#organization\"},\"potentialAction\":[{\"@type\":\"SearchAction\",\"target\":{\"@type\":\"EntryPoint\",\"urlTemplate\":\"https:\\\/\\\/accentobert.cat\\\/en\\\/?s={search_term_string}\"},\"query-input\":{\"@type\":\"PropertyValueSpecification\",\"valueRequired\":true,\"valueName\":\"search_term_string\"}}],\"inLanguage\":\"en-US\"},{\"@type\":\"Organization\",\"@id\":\"https:\\\/\\\/accentobert.cat\\\/en\\\/#organization\",\"name\":\"Accent Obert\",\"alternateName\":\"Accent Obert\",\"url\":\"https:\\\/\\\/accentobert.cat\\\/en\\\/\",\"logo\":{\"@type\":\"ImageObject\",\"inLanguage\":\"en-US\",\"@id\":\"https:\\\/\\\/accentobert.cat\\\/en\\\/#\\\/schema\\\/logo\\\/image\\\/\",\"url\":\"https:\\\/\\\/accentobert.cat\\\/wp-content\\\/uploads\\\/2025\\\/04\\\/af-accent-obert-logotip-rgb-negre.png\",\"contentUrl\":\"https:\\\/\\\/accentobert.cat\\\/wp-content\\\/uploads\\\/2025\\\/04\\\/af-accent-obert-logotip-rgb-negre.png\",\"width\":1833,\"height\":780,\"caption\":\"Accent Obert\"},\"image\":{\"@id\":\"https:\\\/\\\/accentobert.cat\\\/en\\\/#\\\/schema\\\/logo\\\/image\\\/\"},\"sameAs\":[\"https:\\\/\\\/www.facebook.com\\\/accentobertoficial\",\"https:\\\/\\\/x.com\\\/accentobert_\",\"https:\\\/\\\/www.linkedin.com\\\/company\\\/accent-obert\",\"https:\\\/\\\/www.instagram.com\\\/accentobert_\\\/\",\"https:\\\/\\\/www.youtube.com\\\/@AccentObert\",\"https:\\\/\\\/bsky.app\\\/profile\\\/accentobert.cat\"],\"email\":\"info@accentobert.cat\",\"telephone\":\"+34 936 750 354\",\"legalName\":\"Accent Obert\"}]}<\/script>\n<!-- \/ Yoast SEO Premium plugin. -->","yoast_head_json":{"title":"ENS and Security Policy - Accent Obert","robots":{"index":"index","follow":"follow","max-snippet":"max-snippet:-1","max-image-preview":"max-image-preview:large","max-video-preview":"max-video-preview:-1"},"canonical":"https:\/\/accentobert.cat\/en\/ens-and-security-policy\/","og_locale":"en_US","og_type":"article","og_title":"ENS and Security Policy","og_description":"As a service provider, Fundaci\u00f3 PuntCAT addresses security issues using an integrated management system (SIG) that is in line with the National Security Scheme. A Spanish regulatory framework known as the National Security Scheme (ENS) lays forth the security requirements that public administrations and service companies handling classified information must meet. In the event of [&hellip;]","og_url":"https:\/\/accentobert.cat\/en\/ens-and-security-policy\/","og_site_name":"Accent Obert","article_publisher":"https:\/\/www.facebook.com\/accentobertoficial","article_modified_time":"2025-07-02T10:30:25+00:00","twitter_card":"summary_large_image","twitter_site":"@accentobert_","twitter_misc":{"Est. reading time":"1 minute"},"schema":{"@context":"https:\/\/schema.org","@graph":[{"@type":"WebPage","@id":"https:\/\/accentobert.cat\/en\/ens-and-security-policy\/","url":"https:\/\/accentobert.cat\/en\/ens-and-security-policy\/","name":"ENS and Security Policy - Accent Obert","isPartOf":{"@id":"https:\/\/accentobert.cat\/en\/#website"},"datePublished":"2025-06-05T11:00:58+00:00","dateModified":"2025-07-02T10:30:25+00:00","breadcrumb":{"@id":"https:\/\/accentobert.cat\/en\/ens-and-security-policy\/#breadcrumb"},"inLanguage":"en-US","potentialAction":[{"@type":"ReadAction","target":["https:\/\/accentobert.cat\/en\/ens-and-security-policy\/"]}]},{"@type":"BreadcrumbList","@id":"https:\/\/accentobert.cat\/en\/ens-and-security-policy\/#breadcrumb","itemListElement":[{"@type":"ListItem","position":1,"name":"Inici","item":"https:\/\/accentobert.cat\/en\/"},{"@type":"ListItem","position":2,"name":"ENS and Security Policy"}]},{"@type":"WebSite","@id":"https:\/\/accentobert.cat\/en\/#website","url":"https:\/\/accentobert.cat\/en\/","name":"Accent Obert","description":"Treballem perqu\u00e8 qualsevol persona pugui viure plenament en catal\u00e0 al m\u00f3n digital.","publisher":{"@id":"https:\/\/accentobert.cat\/en\/#organization"},"potentialAction":[{"@type":"SearchAction","target":{"@type":"EntryPoint","urlTemplate":"https:\/\/accentobert.cat\/en\/?s={search_term_string}"},"query-input":{"@type":"PropertyValueSpecification","valueRequired":true,"valueName":"search_term_string"}}],"inLanguage":"en-US"},{"@type":"Organization","@id":"https:\/\/accentobert.cat\/en\/#organization","name":"Accent Obert","alternateName":"Accent Obert","url":"https:\/\/accentobert.cat\/en\/","logo":{"@type":"ImageObject","inLanguage":"en-US","@id":"https:\/\/accentobert.cat\/en\/#\/schema\/logo\/image\/","url":"https:\/\/accentobert.cat\/wp-content\/uploads\/2025\/04\/af-accent-obert-logotip-rgb-negre.png","contentUrl":"https:\/\/accentobert.cat\/wp-content\/uploads\/2025\/04\/af-accent-obert-logotip-rgb-negre.png","width":1833,"height":780,"caption":"Accent Obert"},"image":{"@id":"https:\/\/accentobert.cat\/en\/#\/schema\/logo\/image\/"},"sameAs":["https:\/\/www.facebook.com\/accentobertoficial","https:\/\/x.com\/accentobert_","https:\/\/www.linkedin.com\/company\/accent-obert","https:\/\/www.instagram.com\/accentobert_\/","https:\/\/www.youtube.com\/@AccentObert","https:\/\/bsky.app\/profile\/accentobert.cat"],"email":"info@accentobert.cat","telephone":"+34 936 750 354","legalName":"Accent Obert"}]}},"_links":{"self":[{"href":"https:\/\/accentobert.cat\/en\/wp-json\/wp\/v2\/pages\/7367","targetHints":{"allow":["GET"]}}],"collection":[{"href":"https:\/\/accentobert.cat\/en\/wp-json\/wp\/v2\/pages"}],"about":[{"href":"https:\/\/accentobert.cat\/en\/wp-json\/wp\/v2\/types\/page"}],"author":[{"embeddable":true,"href":"https:\/\/accentobert.cat\/en\/wp-json\/wp\/v2\/users\/9"}],"replies":[{"embeddable":true,"href":"https:\/\/accentobert.cat\/en\/wp-json\/wp\/v2\/comments?post=7367"}],"version-history":[{"count":0,"href":"https:\/\/accentobert.cat\/en\/wp-json\/wp\/v2\/pages\/7367\/revisions"}],"wp:attachment":[{"href":"https:\/\/accentobert.cat\/en\/wp-json\/wp\/v2\/media?parent=7367"}],"curies":[{"name":"wp","href":"https:\/\/api.w.org\/{rel}","templated":true}]}}