{"id":7308,"date":"2025-03-31T15:50:25","date_gmt":"2025-03-31T13:50:25","guid":{"rendered":"https:\/\/accentobert.cat\/legal-notice\/"},"modified":"2025-07-02T12:30:52","modified_gmt":"2025-07-02T10:30:52","slug":"legal-notice","status":"publish","type":"page","link":"https:\/\/accentobert.cat\/en\/legal-notice\/","title":{"rendered":"Legal notice"},"content":{"rendered":"<h2 class=\"ai-optimize-6\"><strong>Accent Obert<\/strong><\/h2>\n<p class=\"ai-optimize-7 ai-optimize-introduction\"><strong>Accent Obert<\/strong> is a non-profit organization registered in 2005 with the General Directorate of Law and Legal Entities of the Generalitat de Catalunya with the following details:<\/p>\n<ul>\n<li class=\"ai-optimize-8\">Name: Fundaci\u00f3 privada puntCAT<\/li>\n<li class=\"ai-optimize-9\">Adress: Pla\u00e7a Nova, 5, 7a planta<\/li>\n<li class=\"ai-optimize-10\">08002 Barcelona<\/li>\n<li class=\"ai-optimize-11\">08002 Barcelona<\/li>\n<li class=\"ai-optimize-12\">Registration number: 2100<\/li>\n<li class=\"ai-optimize-13\">Tax identification number: G-63719025<\/li>\n<li class=\"ai-optimize-14\">For privacy-related matters, you can contact us at: legal@domini.cat<\/li>\n<\/ul>\n<p class=\"ai-optimize-15\"><strong>GENERAL WEBSITE NOTICE<\/strong><br \/>\nThe purpose of this notice is to establish the Conditions that regulate access and use of the Accent Obert page. Access and use thereof imply submission and acceptance of the conditions detailed below.<br \/>\nThe content of this page may be modified at any time by its owner, without the need for any prior communication from Accent Obert.<br \/>\nAccent Obert is not responsible for the content to which the links that may be offered from this page point and that do not correspond to domains owned by Accent Obert.<br \/>\nAdvertisers and sponsors with whom Accent Obert may establish commercial relationships are responsible for both compliance with laws and the content of the material they disseminate and publish through the Accent Obert page.<\/p>\n<p class=\"ai-optimize-16\"><strong>Intellectual and industrial property<\/strong><br \/>\nThis website and all its contents, including texts, images, audios, videos, designs, as well as any other material susceptible to protection, are the property of Accent Obert. All those contents of which Accent Obert is not the owner, will be included on the page only after having obtained the corresponding consent of their legitimate owners.<br \/>\nIn the latter case, authorship will be reflected so that the origin of ownership can be identified.<br \/>\nCertain materials are offered under a Creative Commons license. The terms of said license may vary from one material to another, and the conditions under which they may be used by interested parties are detailed in each specific case.<br \/>\nThe provision of certain materials under the terms of these licenses shall in no way imply the extension of these terms to others.  <\/p>\n<p class=\"ai-optimize-17\"><strong>Responsibility for content and use<\/strong><br \/>\nThe user undertakes to make correct use of all the contents and services of the website and will not modify or damage, in any way, the data, programs or documents of the website, nor will he introduce any type of logical device or sequence of characters that may affect the website&#8217;s computer system, including the means of protection and security.<br \/>\nAccent Obert is not responsible for any possible damages or losses caused by interference, omissions, interruptions, computer viruses, breakdowns or disconnections of this electronic system.<br \/>\nAccent Obert reserves the right to make, without prior notice, any changes it deems appropriate to the website, and to temporarily suspend access to it to introduce improvements or to carry out maintenance.<br \/>\nThe user undertakes to make appropriate use of the communication channels of any kind that Accent Obert offers on this page, and not to use them to engage in illegal activities or activities contrary to good faith and the legal system. Among others, but not exclusively: disseminating content or propaganda of any kind, insults, opinions that could be classified as crimes against honor.<br \/>\nAccent Obert will eliminate all those manifestations that do not respect what is mentioned in the previous paragraph. <\/p>\n<p class=\"ai-optimize-18\"><strong>Data protection<br \/>\n<\/strong> Accent Obert complies with the <a title=\"GDPR\" href=\"https:\/\/apdcat.gencat.cat\/ca\/documentacio\/RGPD\/\" target=\"_blank\" rel=\"noopener noreferrer\">General Data Protection Regulation 2016\/679<\/a> .<\/p>\n<p class=\"ai-optimize-19\">We only collect your data when necessary and only what is essential, and whenever we do, we adequately inform you of the collection and your rights.<\/p>\n<p class=\"ai-optimize-20\">You can consult <a title=\"Privacy policy\" href=\"https:\/\/accentobert.cat\/en\/privacy-policy\/\">our privacy policy<\/a> whenever you want.<\/p>\n<p class=\"ai-optimize-21\"><strong>Limitation of liability<\/strong><br \/>\nAccent Obert does not assume any responsibility derived, or that could derive, from the use that users make of the information and contents of this website.<\/p>\n<p class=\"ai-optimize-22\"><strong>Cookie policy<\/strong><br \/>\nYou also have at your disposal our <a href=\"https:\/\/domini.cat\/politica-de-galetes\/\">cookie policy<\/a> , specifying those used by this website.<\/p>\n","protected":false},"excerpt":{"rendered":"<p>Accent Obert Accent Obert is a non-profit organization registered in 2005 with the General Directorate of Law and Legal Entities of the Generalitat de Catalunya with the following details: Name: Fundaci\u00f3 privada puntCAT Adress: Pla\u00e7a Nova, 5, 7a planta 08002 Barcelona 08002 Barcelona Registration number: 2100 Tax identification number: G-63719025 For privacy-related matters, you can [&hellip;]<\/p>\n","protected":false},"author":1,"featured_media":0,"parent":0,"menu_order":31,"comment_status":"closed","ping_status":"closed","template":"page-legal.php","meta":{"_acf_changed":false,"footnotes":""},"class_list":["post-7308","page","type-page","status-publish","hentry"],"acf":[],"yoast_head":"<!-- This site is optimized with the Yoast SEO Premium plugin v27.4 (Yoast SEO v27.4) - https:\/\/yoast.com\/product\/yoast-seo-premium-wordpress\/ -->\n<title>Legal notice - Accent Obert<\/title>\n<meta name=\"robots\" content=\"index, follow, max-snippet:-1, max-image-preview:large, max-video-preview:-1\" \/>\n<link rel=\"canonical\" href=\"https:\/\/accentobert.cat\/en\/legal-notice\/\" \/>\n<meta property=\"og:locale\" content=\"en_US\" \/>\n<meta property=\"og:type\" content=\"article\" \/>\n<meta property=\"og:title\" content=\"Legal notice\" \/>\n<meta property=\"og:description\" content=\"Accent Obert Accent Obert is a non-profit organization registered in 2005 with the General Directorate of Law and Legal Entities of the Generalitat de Catalunya with the following details: Name: Fundaci\u00f3 privada puntCAT Adress: Pla\u00e7a Nova, 5, 7a planta 08002 Barcelona 08002 Barcelona Registration number: 2100 Tax identification number: G-63719025 For privacy-related matters, you can [&hellip;]\" \/>\n<meta property=\"og:url\" content=\"https:\/\/accentobert.cat\/en\/legal-notice\/\" \/>\n<meta property=\"og:site_name\" content=\"Accent Obert\" \/>\n<meta property=\"article:publisher\" content=\"https:\/\/www.facebook.com\/accentobertoficial\" \/>\n<meta property=\"article:modified_time\" content=\"2025-07-02T10:30:52+00:00\" \/>\n<meta name=\"twitter:card\" content=\"summary_large_image\" \/>\n<meta name=\"twitter:site\" content=\"@accentobert_\" \/>\n<meta name=\"twitter:label1\" content=\"Est. reading time\" \/>\n\t<meta name=\"twitter:data1\" content=\"3 minutes\" \/>\n<script type=\"application\/ld+json\" class=\"yoast-schema-graph\">{\"@context\":\"https:\\\/\\\/schema.org\",\"@graph\":[{\"@type\":\"WebPage\",\"@id\":\"https:\\\/\\\/accentobert.cat\\\/en\\\/legal-notice\\\/\",\"url\":\"https:\\\/\\\/accentobert.cat\\\/en\\\/legal-notice\\\/\",\"name\":\"Legal notice - Accent Obert\",\"isPartOf\":{\"@id\":\"https:\\\/\\\/accentobert.cat\\\/en\\\/#website\"},\"datePublished\":\"2025-03-31T13:50:25+00:00\",\"dateModified\":\"2025-07-02T10:30:52+00:00\",\"breadcrumb\":{\"@id\":\"https:\\\/\\\/accentobert.cat\\\/en\\\/legal-notice\\\/#breadcrumb\"},\"inLanguage\":\"en-US\",\"potentialAction\":[{\"@type\":\"ReadAction\",\"target\":[\"https:\\\/\\\/accentobert.cat\\\/en\\\/legal-notice\\\/\"]}]},{\"@type\":\"BreadcrumbList\",\"@id\":\"https:\\\/\\\/accentobert.cat\\\/en\\\/legal-notice\\\/#breadcrumb\",\"itemListElement\":[{\"@type\":\"ListItem\",\"position\":1,\"name\":\"Inici\",\"item\":\"https:\\\/\\\/accentobert.cat\\\/en\\\/\"},{\"@type\":\"ListItem\",\"position\":2,\"name\":\"Legal notice\"}]},{\"@type\":\"WebSite\",\"@id\":\"https:\\\/\\\/accentobert.cat\\\/en\\\/#website\",\"url\":\"https:\\\/\\\/accentobert.cat\\\/en\\\/\",\"name\":\"Accent Obert\",\"description\":\"Treballem perqu\u00e8 qualsevol persona pugui viure plenament en catal\u00e0 al m\u00f3n digital.\",\"publisher\":{\"@id\":\"https:\\\/\\\/accentobert.cat\\\/en\\\/#organization\"},\"potentialAction\":[{\"@type\":\"SearchAction\",\"target\":{\"@type\":\"EntryPoint\",\"urlTemplate\":\"https:\\\/\\\/accentobert.cat\\\/en\\\/?s={search_term_string}\"},\"query-input\":{\"@type\":\"PropertyValueSpecification\",\"valueRequired\":true,\"valueName\":\"search_term_string\"}}],\"inLanguage\":\"en-US\"},{\"@type\":\"Organization\",\"@id\":\"https:\\\/\\\/accentobert.cat\\\/en\\\/#organization\",\"name\":\"Accent Obert\",\"alternateName\":\"Accent Obert\",\"url\":\"https:\\\/\\\/accentobert.cat\\\/en\\\/\",\"logo\":{\"@type\":\"ImageObject\",\"inLanguage\":\"en-US\",\"@id\":\"https:\\\/\\\/accentobert.cat\\\/en\\\/#\\\/schema\\\/logo\\\/image\\\/\",\"url\":\"https:\\\/\\\/accentobert.cat\\\/wp-content\\\/uploads\\\/2025\\\/04\\\/af-accent-obert-logotip-rgb-negre.png\",\"contentUrl\":\"https:\\\/\\\/accentobert.cat\\\/wp-content\\\/uploads\\\/2025\\\/04\\\/af-accent-obert-logotip-rgb-negre.png\",\"width\":1833,\"height\":780,\"caption\":\"Accent Obert\"},\"image\":{\"@id\":\"https:\\\/\\\/accentobert.cat\\\/en\\\/#\\\/schema\\\/logo\\\/image\\\/\"},\"sameAs\":[\"https:\\\/\\\/www.facebook.com\\\/accentobertoficial\",\"https:\\\/\\\/x.com\\\/accentobert_\",\"https:\\\/\\\/www.linkedin.com\\\/company\\\/accent-obert\",\"https:\\\/\\\/www.instagram.com\\\/accentobert_\\\/\",\"https:\\\/\\\/www.youtube.com\\\/@AccentObert\",\"https:\\\/\\\/bsky.app\\\/profile\\\/accentobert.cat\"],\"email\":\"info@accentobert.cat\",\"telephone\":\"+34 936 750 354\",\"legalName\":\"Accent Obert\"}]}<\/script>\n<!-- \/ Yoast SEO Premium plugin. -->","yoast_head_json":{"title":"Legal notice - Accent Obert","robots":{"index":"index","follow":"follow","max-snippet":"max-snippet:-1","max-image-preview":"max-image-preview:large","max-video-preview":"max-video-preview:-1"},"canonical":"https:\/\/accentobert.cat\/en\/legal-notice\/","og_locale":"en_US","og_type":"article","og_title":"Legal notice","og_description":"Accent Obert Accent Obert is a non-profit organization registered in 2005 with the General Directorate of Law and Legal Entities of the Generalitat de Catalunya with the following details: Name: Fundaci\u00f3 privada puntCAT Adress: Pla\u00e7a Nova, 5, 7a planta 08002 Barcelona 08002 Barcelona Registration number: 2100 Tax identification number: G-63719025 For privacy-related matters, you can [&hellip;]","og_url":"https:\/\/accentobert.cat\/en\/legal-notice\/","og_site_name":"Accent Obert","article_publisher":"https:\/\/www.facebook.com\/accentobertoficial","article_modified_time":"2025-07-02T10:30:52+00:00","twitter_card":"summary_large_image","twitter_site":"@accentobert_","twitter_misc":{"Est. reading time":"3 minutes"},"schema":{"@context":"https:\/\/schema.org","@graph":[{"@type":"WebPage","@id":"https:\/\/accentobert.cat\/en\/legal-notice\/","url":"https:\/\/accentobert.cat\/en\/legal-notice\/","name":"Legal notice - Accent Obert","isPartOf":{"@id":"https:\/\/accentobert.cat\/en\/#website"},"datePublished":"2025-03-31T13:50:25+00:00","dateModified":"2025-07-02T10:30:52+00:00","breadcrumb":{"@id":"https:\/\/accentobert.cat\/en\/legal-notice\/#breadcrumb"},"inLanguage":"en-US","potentialAction":[{"@type":"ReadAction","target":["https:\/\/accentobert.cat\/en\/legal-notice\/"]}]},{"@type":"BreadcrumbList","@id":"https:\/\/accentobert.cat\/en\/legal-notice\/#breadcrumb","itemListElement":[{"@type":"ListItem","position":1,"name":"Inici","item":"https:\/\/accentobert.cat\/en\/"},{"@type":"ListItem","position":2,"name":"Legal notice"}]},{"@type":"WebSite","@id":"https:\/\/accentobert.cat\/en\/#website","url":"https:\/\/accentobert.cat\/en\/","name":"Accent Obert","description":"Treballem perqu\u00e8 qualsevol persona pugui viure plenament en catal\u00e0 al m\u00f3n digital.","publisher":{"@id":"https:\/\/accentobert.cat\/en\/#organization"},"potentialAction":[{"@type":"SearchAction","target":{"@type":"EntryPoint","urlTemplate":"https:\/\/accentobert.cat\/en\/?s={search_term_string}"},"query-input":{"@type":"PropertyValueSpecification","valueRequired":true,"valueName":"search_term_string"}}],"inLanguage":"en-US"},{"@type":"Organization","@id":"https:\/\/accentobert.cat\/en\/#organization","name":"Accent Obert","alternateName":"Accent Obert","url":"https:\/\/accentobert.cat\/en\/","logo":{"@type":"ImageObject","inLanguage":"en-US","@id":"https:\/\/accentobert.cat\/en\/#\/schema\/logo\/image\/","url":"https:\/\/accentobert.cat\/wp-content\/uploads\/2025\/04\/af-accent-obert-logotip-rgb-negre.png","contentUrl":"https:\/\/accentobert.cat\/wp-content\/uploads\/2025\/04\/af-accent-obert-logotip-rgb-negre.png","width":1833,"height":780,"caption":"Accent Obert"},"image":{"@id":"https:\/\/accentobert.cat\/en\/#\/schema\/logo\/image\/"},"sameAs":["https:\/\/www.facebook.com\/accentobertoficial","https:\/\/x.com\/accentobert_","https:\/\/www.linkedin.com\/company\/accent-obert","https:\/\/www.instagram.com\/accentobert_\/","https:\/\/www.youtube.com\/@AccentObert","https:\/\/bsky.app\/profile\/accentobert.cat"],"email":"info@accentobert.cat","telephone":"+34 936 750 354","legalName":"Accent Obert"}]}},"_links":{"self":[{"href":"https:\/\/accentobert.cat\/en\/wp-json\/wp\/v2\/pages\/7308","targetHints":{"allow":["GET"]}}],"collection":[{"href":"https:\/\/accentobert.cat\/en\/wp-json\/wp\/v2\/pages"}],"about":[{"href":"https:\/\/accentobert.cat\/en\/wp-json\/wp\/v2\/types\/page"}],"author":[{"embeddable":true,"href":"https:\/\/accentobert.cat\/en\/wp-json\/wp\/v2\/users\/1"}],"replies":[{"embeddable":true,"href":"https:\/\/accentobert.cat\/en\/wp-json\/wp\/v2\/comments?post=7308"}],"version-history":[{"count":0,"href":"https:\/\/accentobert.cat\/en\/wp-json\/wp\/v2\/pages\/7308\/revisions"}],"wp:attachment":[{"href":"https:\/\/accentobert.cat\/en\/wp-json\/wp\/v2\/media?parent=7308"}],"curies":[{"name":"wp","href":"https:\/\/api.w.org\/{rel}","templated":true}]}}