{"id":7275,"date":"2025-03-31T15:50:12","date_gmt":"2025-03-31T13:50:12","guid":{"rendered":"https:\/\/accentobert.cat\/privacy-policy\/"},"modified":"2026-03-12T12:13:32","modified_gmt":"2026-03-12T10:13:32","slug":"privacy-policy","status":"publish","type":"page","link":"https:\/\/accentobert.cat\/en\/privacy-policy\/","title":{"rendered":"Privacy policy"},"content":{"rendered":"<h3 class=\"ai-optimize-8\">We invite you to read this privacy policy carefully to gain a clear understanding of how we protect your personal data.<\/h3>\n<h2 class=\"ai-optimize-9\">Accent Obert<\/h2>\n<p class=\"ai-optimize-10 ai-optimize-introduction\"><strong>Accent Obert<\/strong> is a non-profit organisation registered in 2005 with the Directorate General of Law and Legal Entities of the Government of Catalonia, with the following details:<\/p>\n<ul>\n<li class=\"ai-optimize-11\">Name: Fundaci\u00f3 privada puntCAT<\/li>\n<li class=\"ai-optimize-12\">Adress: Pla\u00e7a Nova, 5, 7a planta<\/li>\n<li class=\"ai-optimize-13\">08002 Barcelona<\/li>\n<li class=\"ai-optimize-14\">08002 Barcelona<\/li>\n<li class=\"ai-optimize-15\">Registration number: 2100<\/li>\n<li class=\"ai-optimize-16\">Tax Identification Number (TIN): G-63719025<\/li>\n<li class=\"ai-optimize-17\">For privacy-related matters, you can contact us at: legal@domini.cat<\/li>\n<\/ul>\n<h2 class=\"ai-optimize-18\">Does this policy concern you?<\/h2>\n<p class=\"ai-optimize-19\">This privacy policy applies to you if you have interacted with us, including but not limited to the following cases: if you have registered a .cat domain; if you are a contact person associated with a .cat domain name; if you are an employee of an organisation with which we have a contractual relationship; if you subscribe to our newsletter; if you visit our websites; if you participate in any of our training activities; or if you have contacted us through any other channel (such as email, phone, events, etc.).<\/p>\n<p class=\"ai-optimize-20\">Your personal data may be collected through the following methods: via domain name registration processes; through our network of accredited registrars; by email; by telephone; by fax; through your registration to participate in any of our training activities; by attending an event; through cookies or other technologies used to track visitors on our websites; via communications from providers or partners; through forms on our websites; or by any other means we may use to carry out our activities.<\/p>\n<h2 class=\"ai-optimize-21\">Which of your personal data do we collect and process?<\/h2>\n<p class=\"ai-optimize-22\">Personal data refers to any information related to an identified or identifiable natural person and includes: (i) information you voluntarily provide to us (e.g. through our website forms), (ii) information provided to us by your registrar during the registration of your domain name, and (iii) information we collect from your attendance at our events or from your visits to our website(s).   <\/p>\n<p class=\"ai-optimize-23\">In the context of our commercial and training activities, and in order to provide you with quality service and improve our offerings whenever possible, we may process the following personal data \u2014 depending on the nature of the service you have contacted us for and the information required to deliver it properly: your name, email address, the organisation you work for, your job title, home address, language preference, gender, age, unique identification alias in our system, domain name, financial data, banking or credit card information, legal data related to domain names, IP address, images, and video files.<\/p>\n<p class=\"ai-optimize-24\">To carry out certain training activities, we may need to process your national ID number and employment status. This information will only be requested when strictly necessary, for two specific purposes: to verify candidates\u2019 eligibility to participate in the course, and to issue participation certificates.<br \/>\nIn the case of domain holders and associated contacts, since it is not possible to register a domain name directly with us, we collect your personal data through the company with which you registered your domain. This company may be one of our accredited registrars or one of their resellers, who collect your personal data on our behalf. <\/p>\n<h2 class=\"ai-optimize-25\">Why do we process your personal data?<\/h2>\n<p class=\"ai-optimize-26\">We process your personal data for various purposes:<\/p>\n<ul>\n<li class=\"ai-optimize-27\">In order to provide the best possible services for your domain, we need to collect personal data related to your domain name. This also allows us to identify you and contact you directly regarding your domain name registration, should it become necessary. <\/li>\n<li class=\"ai-optimize-28\">We use your personal data to maintain and build long-term relationships, and to execute any contract we may have with you. We also use your personal data to respond to your enquiries, fulfil your requests, and\/or send you administrative information. <\/li>\n<li class=\"ai-optimize-29\">Your personal data may be used to comply with applicable laws and regulations. It may also be used to respond to requests or claims from public and governmental authorities \u2014 including those outside your country of residence \u2014 or to protect our rights, privacy, security, or property and\/or those of our affiliated entities. <\/li>\n<li class=\"ai-optimize-30\">We may use your personal data to send you promotional messages, marketing content, information about the .cat community, and other updates that may be of interest to you.<\/li>\n<\/ul>\n<h2 class=\"ai-optimize-31\">Guiding principles for the collection and processing of personal data<\/h2>\n<p class=\"ai-optimize-32\"><strong>Accent Obert<\/strong> will adhere to the following principles to govern the processing of personal data:<\/p>\n<ul>\n<li class=\"ai-optimize-33\">They will only be processed lawfully, fairly, and in a transparent manner in relation to registered name holders and other data subjects (\u201clawfulness, fairness, and transparency\u201d).<\/li>\n<li class=\"ai-optimize-34\">They will only be collected for specific, explicit, and legitimate purposes, and will not be processed in any manner that is incompatible with those purposes (\u201cpurpose limitation\u201d).<\/li>\n<li class=\"ai-optimize-35\">They will be adequate, relevant, and not excessive in relation to the purposes for which they are processed (\u201cdata minimisation\u201d).<\/li>\n<li class=\"ai-optimize-36\">They will be accurate and, where necessary, kept up to date, as appropriate for the purposes for which they are processed (\u201caccuracy\u201d).<\/li>\n<li class=\"ai-optimize-37\">They will not be retained in a form that allows the identification of the registered name holder and other data subjects for longer than necessary for the permitted purposes (\u201cstorage limitation\u201d); and<\/li>\n<li class=\"ai-optimize-38\">They will be processed in a manner that ensures appropriate security of the personal data, including protection against unauthorised or unlawful processing and against accidental loss, destruction, or damage, using appropriate technical or organisational measures (\u201cintegrity and confidentiality\u201d).<\/li>\n<\/ul>\n","protected":false},"excerpt":{"rendered":"<p>We invite you to read this privacy policy carefully to gain a clear understanding of how we protect your personal data. Accent Obert Accent Obert is a non-profit organisation registered in 2005 with the Directorate General of Law and Legal Entities of the Government of Catalonia, with the following details: Name: Fundaci\u00f3 privada puntCAT Adress: [&hellip;]<\/p>\n","protected":false},"author":1,"featured_media":0,"parent":0,"menu_order":26,"comment_status":"closed","ping_status":"closed","template":"page-legal.php","meta":{"_acf_changed":false,"footnotes":""},"class_list":["post-7275","page","type-page","status-publish","hentry"],"acf":[],"yoast_head":"<!-- This site is optimized with the Yoast SEO Premium plugin v27.4 (Yoast SEO v27.4) - https:\/\/yoast.com\/product\/yoast-seo-premium-wordpress\/ -->\n<title>Privacy policy - Accent Obert<\/title>\n<meta name=\"robots\" content=\"index, follow, max-snippet:-1, max-image-preview:large, max-video-preview:-1\" \/>\n<link rel=\"canonical\" href=\"https:\/\/accentobert.cat\/en\/privacy-policy\/\" \/>\n<meta property=\"og:locale\" content=\"en_US\" \/>\n<meta property=\"og:type\" content=\"article\" \/>\n<meta property=\"og:title\" content=\"Privacy policy\" \/>\n<meta property=\"og:description\" content=\"We invite you to read this privacy policy carefully to gain a clear understanding of how we protect your personal data. Accent Obert Accent Obert is a non-profit organisation registered in 2005 with the Directorate General of Law and Legal Entities of the Government of Catalonia, with the following details: Name: Fundaci\u00f3 privada puntCAT Adress: [&hellip;]\" \/>\n<meta property=\"og:url\" content=\"https:\/\/accentobert.cat\/en\/privacy-policy\/\" \/>\n<meta property=\"og:site_name\" content=\"Accent Obert\" \/>\n<meta property=\"article:publisher\" content=\"https:\/\/www.facebook.com\/accentobertoficial\" \/>\n<meta property=\"article:modified_time\" content=\"2026-03-12T10:13:32+00:00\" \/>\n<meta name=\"twitter:card\" content=\"summary_large_image\" \/>\n<meta name=\"twitter:site\" content=\"@accentobert_\" \/>\n<meta name=\"twitter:label1\" content=\"Est. reading time\" \/>\n\t<meta name=\"twitter:data1\" content=\"4 minutes\" \/>\n<script type=\"application\/ld+json\" class=\"yoast-schema-graph\">{\"@context\":\"https:\\\/\\\/schema.org\",\"@graph\":[{\"@type\":\"WebPage\",\"@id\":\"https:\\\/\\\/accentobert.cat\\\/en\\\/privacy-policy\\\/\",\"url\":\"https:\\\/\\\/accentobert.cat\\\/en\\\/privacy-policy\\\/\",\"name\":\"Privacy policy - Accent Obert\",\"isPartOf\":{\"@id\":\"https:\\\/\\\/accentobert.cat\\\/en\\\/#website\"},\"datePublished\":\"2025-03-31T13:50:12+00:00\",\"dateModified\":\"2026-03-12T10:13:32+00:00\",\"breadcrumb\":{\"@id\":\"https:\\\/\\\/accentobert.cat\\\/en\\\/privacy-policy\\\/#breadcrumb\"},\"inLanguage\":\"en-US\",\"potentialAction\":[{\"@type\":\"ReadAction\",\"target\":[\"https:\\\/\\\/accentobert.cat\\\/en\\\/privacy-policy\\\/\"]}]},{\"@type\":\"BreadcrumbList\",\"@id\":\"https:\\\/\\\/accentobert.cat\\\/en\\\/privacy-policy\\\/#breadcrumb\",\"itemListElement\":[{\"@type\":\"ListItem\",\"position\":1,\"name\":\"Inici\",\"item\":\"https:\\\/\\\/accentobert.cat\\\/en\\\/\"},{\"@type\":\"ListItem\",\"position\":2,\"name\":\"Privacy policy\"}]},{\"@type\":\"WebSite\",\"@id\":\"https:\\\/\\\/accentobert.cat\\\/en\\\/#website\",\"url\":\"https:\\\/\\\/accentobert.cat\\\/en\\\/\",\"name\":\"Accent Obert\",\"description\":\"Treballem perqu\u00e8 qualsevol persona pugui viure plenament en catal\u00e0 al m\u00f3n digital.\",\"publisher\":{\"@id\":\"https:\\\/\\\/accentobert.cat\\\/en\\\/#organization\"},\"potentialAction\":[{\"@type\":\"SearchAction\",\"target\":{\"@type\":\"EntryPoint\",\"urlTemplate\":\"https:\\\/\\\/accentobert.cat\\\/en\\\/?s={search_term_string}\"},\"query-input\":{\"@type\":\"PropertyValueSpecification\",\"valueRequired\":true,\"valueName\":\"search_term_string\"}}],\"inLanguage\":\"en-US\"},{\"@type\":\"Organization\",\"@id\":\"https:\\\/\\\/accentobert.cat\\\/en\\\/#organization\",\"name\":\"Accent Obert\",\"alternateName\":\"Accent Obert\",\"url\":\"https:\\\/\\\/accentobert.cat\\\/en\\\/\",\"logo\":{\"@type\":\"ImageObject\",\"inLanguage\":\"en-US\",\"@id\":\"https:\\\/\\\/accentobert.cat\\\/en\\\/#\\\/schema\\\/logo\\\/image\\\/\",\"url\":\"https:\\\/\\\/accentobert.cat\\\/wp-content\\\/uploads\\\/2025\\\/04\\\/af-accent-obert-logotip-rgb-negre.png\",\"contentUrl\":\"https:\\\/\\\/accentobert.cat\\\/wp-content\\\/uploads\\\/2025\\\/04\\\/af-accent-obert-logotip-rgb-negre.png\",\"width\":1833,\"height\":780,\"caption\":\"Accent Obert\"},\"image\":{\"@id\":\"https:\\\/\\\/accentobert.cat\\\/en\\\/#\\\/schema\\\/logo\\\/image\\\/\"},\"sameAs\":[\"https:\\\/\\\/www.facebook.com\\\/accentobertoficial\",\"https:\\\/\\\/x.com\\\/accentobert_\",\"https:\\\/\\\/www.linkedin.com\\\/company\\\/accent-obert\",\"https:\\\/\\\/www.instagram.com\\\/accentobert_\\\/\",\"https:\\\/\\\/www.youtube.com\\\/@AccentObert\",\"https:\\\/\\\/bsky.app\\\/profile\\\/accentobert.cat\"],\"email\":\"info@accentobert.cat\",\"telephone\":\"+34 936 750 354\",\"legalName\":\"Accent Obert\"}]}<\/script>\n<!-- \/ Yoast SEO Premium plugin. -->","yoast_head_json":{"title":"Privacy policy - Accent Obert","robots":{"index":"index","follow":"follow","max-snippet":"max-snippet:-1","max-image-preview":"max-image-preview:large","max-video-preview":"max-video-preview:-1"},"canonical":"https:\/\/accentobert.cat\/en\/privacy-policy\/","og_locale":"en_US","og_type":"article","og_title":"Privacy policy","og_description":"We invite you to read this privacy policy carefully to gain a clear understanding of how we protect your personal data. Accent Obert Accent Obert is a non-profit organisation registered in 2005 with the Directorate General of Law and Legal Entities of the Government of Catalonia, with the following details: Name: Fundaci\u00f3 privada puntCAT Adress: [&hellip;]","og_url":"https:\/\/accentobert.cat\/en\/privacy-policy\/","og_site_name":"Accent Obert","article_publisher":"https:\/\/www.facebook.com\/accentobertoficial","article_modified_time":"2026-03-12T10:13:32+00:00","twitter_card":"summary_large_image","twitter_site":"@accentobert_","twitter_misc":{"Est. reading time":"4 minutes"},"schema":{"@context":"https:\/\/schema.org","@graph":[{"@type":"WebPage","@id":"https:\/\/accentobert.cat\/en\/privacy-policy\/","url":"https:\/\/accentobert.cat\/en\/privacy-policy\/","name":"Privacy policy - Accent Obert","isPartOf":{"@id":"https:\/\/accentobert.cat\/en\/#website"},"datePublished":"2025-03-31T13:50:12+00:00","dateModified":"2026-03-12T10:13:32+00:00","breadcrumb":{"@id":"https:\/\/accentobert.cat\/en\/privacy-policy\/#breadcrumb"},"inLanguage":"en-US","potentialAction":[{"@type":"ReadAction","target":["https:\/\/accentobert.cat\/en\/privacy-policy\/"]}]},{"@type":"BreadcrumbList","@id":"https:\/\/accentobert.cat\/en\/privacy-policy\/#breadcrumb","itemListElement":[{"@type":"ListItem","position":1,"name":"Inici","item":"https:\/\/accentobert.cat\/en\/"},{"@type":"ListItem","position":2,"name":"Privacy policy"}]},{"@type":"WebSite","@id":"https:\/\/accentobert.cat\/en\/#website","url":"https:\/\/accentobert.cat\/en\/","name":"Accent Obert","description":"Treballem perqu\u00e8 qualsevol persona pugui viure plenament en catal\u00e0 al m\u00f3n digital.","publisher":{"@id":"https:\/\/accentobert.cat\/en\/#organization"},"potentialAction":[{"@type":"SearchAction","target":{"@type":"EntryPoint","urlTemplate":"https:\/\/accentobert.cat\/en\/?s={search_term_string}"},"query-input":{"@type":"PropertyValueSpecification","valueRequired":true,"valueName":"search_term_string"}}],"inLanguage":"en-US"},{"@type":"Organization","@id":"https:\/\/accentobert.cat\/en\/#organization","name":"Accent Obert","alternateName":"Accent Obert","url":"https:\/\/accentobert.cat\/en\/","logo":{"@type":"ImageObject","inLanguage":"en-US","@id":"https:\/\/accentobert.cat\/en\/#\/schema\/logo\/image\/","url":"https:\/\/accentobert.cat\/wp-content\/uploads\/2025\/04\/af-accent-obert-logotip-rgb-negre.png","contentUrl":"https:\/\/accentobert.cat\/wp-content\/uploads\/2025\/04\/af-accent-obert-logotip-rgb-negre.png","width":1833,"height":780,"caption":"Accent Obert"},"image":{"@id":"https:\/\/accentobert.cat\/en\/#\/schema\/logo\/image\/"},"sameAs":["https:\/\/www.facebook.com\/accentobertoficial","https:\/\/x.com\/accentobert_","https:\/\/www.linkedin.com\/company\/accent-obert","https:\/\/www.instagram.com\/accentobert_\/","https:\/\/www.youtube.com\/@AccentObert","https:\/\/bsky.app\/profile\/accentobert.cat"],"email":"info@accentobert.cat","telephone":"+34 936 750 354","legalName":"Accent Obert"}]}},"_links":{"self":[{"href":"https:\/\/accentobert.cat\/en\/wp-json\/wp\/v2\/pages\/7275","targetHints":{"allow":["GET"]}}],"collection":[{"href":"https:\/\/accentobert.cat\/en\/wp-json\/wp\/v2\/pages"}],"about":[{"href":"https:\/\/accentobert.cat\/en\/wp-json\/wp\/v2\/types\/page"}],"author":[{"embeddable":true,"href":"https:\/\/accentobert.cat\/en\/wp-json\/wp\/v2\/users\/1"}],"replies":[{"embeddable":true,"href":"https:\/\/accentobert.cat\/en\/wp-json\/wp\/v2\/comments?post=7275"}],"version-history":[{"count":1,"href":"https:\/\/accentobert.cat\/en\/wp-json\/wp\/v2\/pages\/7275\/revisions"}],"predecessor-version":[{"id":7307,"href":"https:\/\/accentobert.cat\/en\/wp-json\/wp\/v2\/pages\/7275\/revisions\/7307"}],"wp:attachment":[{"href":"https:\/\/accentobert.cat\/en\/wp-json\/wp\/v2\/media?parent=7275"}],"curies":[{"name":"wp","href":"https:\/\/api.w.org\/{rel}","templated":true}]}}