{"id":7266,"date":"2025-03-31T16:32:59","date_gmt":"2025-03-31T14:32:59","guid":{"rendered":"https:\/\/accentobert.cat\/corporate-services\/"},"modified":"2026-03-12T12:13:23","modified_gmt":"2026-03-12T10:13:23","slug":"corporate-services","status":"publish","type":"page","link":"https:\/\/accentobert.cat\/en\/corporate-services\/","title":{"rendered":"Corporate services"},"content":{"rendered":"<p><span data-contrast=\"auto\"><strong>Accent Obert<\/strong> brings its experience, rigour, and expertise to institutions, organisations, and companies committed to strengthening the presence of Catalan in the digital world.<\/span><\/p>\n<p><span data-contrast=\"auto\">We offer specialised solutions tailored to the needs of all those looking to grow and position themselves strategically in the digital ecosystem. Together, we build opportunities to help your project gain legitimacy, influence, and impact. <\/span><span data-ccp-props=\"{\"335551550\":6,\"335551620\":6}\"> <\/span><\/p>\n","protected":false},"excerpt":{"rendered":"<p>Accent Obert brings its experience, rigour, and expertise to institutions, organisations, and companies committed to strengthening the presence of Catalan in the digital world. We offer specialised solutions tailored to the needs of all those looking to grow and position themselves strategically in the digital ecosystem. Together, we build opportunities to help your project gain [&hellip;]<\/p>\n","protected":false},"author":1,"featured_media":0,"parent":0,"menu_order":11,"comment_status":"closed","ping_status":"closed","template":"page-serveis-corporatius.php","meta":{"_acf_changed":false,"footnotes":""},"class_list":["post-7266","page","type-page","status-publish","hentry"],"acf":[],"yoast_head":"<!-- This site is optimized with the Yoast SEO Premium plugin v27.3 (Yoast SEO v27.3) - https:\/\/yoast.com\/product\/yoast-seo-premium-wordpress\/ -->\n<title>Corporate services - Accent Obert<\/title>\n<meta name=\"robots\" content=\"index, follow, max-snippet:-1, max-image-preview:large, max-video-preview:-1\" \/>\n<link rel=\"canonical\" href=\"https:\/\/accentobert.cat\/en\/corporate-services\/\" \/>\n<meta property=\"og:locale\" content=\"en_US\" \/>\n<meta property=\"og:type\" content=\"article\" \/>\n<meta property=\"og:title\" content=\"Corporate services\" \/>\n<meta property=\"og:description\" content=\"Accent Obert brings its experience, rigour, and expertise to institutions, organisations, and companies committed to strengthening the presence of Catalan in the digital world. We offer specialised solutions tailored to the needs of all those looking to grow and position themselves strategically in the digital ecosystem. Together, we build opportunities to help your project gain [&hellip;]\" \/>\n<meta property=\"og:url\" content=\"https:\/\/accentobert.cat\/en\/corporate-services\/\" \/>\n<meta property=\"og:site_name\" content=\"Accent Obert\" \/>\n<meta property=\"article:publisher\" content=\"https:\/\/www.facebook.com\/accentobertoficial\" \/>\n<meta property=\"article:modified_time\" content=\"2026-03-12T10:13:23+00:00\" \/>\n<meta name=\"twitter:card\" content=\"summary_large_image\" \/>\n<meta name=\"twitter:site\" content=\"@accentobert_\" \/>\n<script type=\"application\/ld+json\" class=\"yoast-schema-graph\">{\"@context\":\"https:\\\/\\\/schema.org\",\"@graph\":[{\"@type\":\"WebPage\",\"@id\":\"https:\\\/\\\/accentobert.cat\\\/en\\\/corporate-services\\\/\",\"url\":\"https:\\\/\\\/accentobert.cat\\\/en\\\/corporate-services\\\/\",\"name\":\"Corporate services - Accent Obert\",\"isPartOf\":{\"@id\":\"https:\\\/\\\/accentobert.cat\\\/en\\\/#website\"},\"datePublished\":\"2025-03-31T14:32:59+00:00\",\"dateModified\":\"2026-03-12T10:13:23+00:00\",\"breadcrumb\":{\"@id\":\"https:\\\/\\\/accentobert.cat\\\/en\\\/corporate-services\\\/#breadcrumb\"},\"inLanguage\":\"en-US\",\"potentialAction\":[{\"@type\":\"ReadAction\",\"target\":[\"https:\\\/\\\/accentobert.cat\\\/en\\\/corporate-services\\\/\"]}]},{\"@type\":\"BreadcrumbList\",\"@id\":\"https:\\\/\\\/accentobert.cat\\\/en\\\/corporate-services\\\/#breadcrumb\",\"itemListElement\":[{\"@type\":\"ListItem\",\"position\":1,\"name\":\"Inici\",\"item\":\"https:\\\/\\\/accentobert.cat\\\/en\\\/\"},{\"@type\":\"ListItem\",\"position\":2,\"name\":\"Corporate services\"}]},{\"@type\":\"WebSite\",\"@id\":\"https:\\\/\\\/accentobert.cat\\\/en\\\/#website\",\"url\":\"https:\\\/\\\/accentobert.cat\\\/en\\\/\",\"name\":\"Accent Obert\",\"description\":\"Treballem perqu\u00e8 qualsevol persona pugui viure plenament en catal\u00e0 al m\u00f3n digital.\",\"publisher\":{\"@id\":\"https:\\\/\\\/accentobert.cat\\\/en\\\/#organization\"},\"potentialAction\":[{\"@type\":\"SearchAction\",\"target\":{\"@type\":\"EntryPoint\",\"urlTemplate\":\"https:\\\/\\\/accentobert.cat\\\/en\\\/?s={search_term_string}\"},\"query-input\":{\"@type\":\"PropertyValueSpecification\",\"valueRequired\":true,\"valueName\":\"search_term_string\"}}],\"inLanguage\":\"en-US\"},{\"@type\":\"Organization\",\"@id\":\"https:\\\/\\\/accentobert.cat\\\/en\\\/#organization\",\"name\":\"Accent Obert\",\"alternateName\":\"Accent Obert\",\"url\":\"https:\\\/\\\/accentobert.cat\\\/en\\\/\",\"logo\":{\"@type\":\"ImageObject\",\"inLanguage\":\"en-US\",\"@id\":\"https:\\\/\\\/accentobert.cat\\\/en\\\/#\\\/schema\\\/logo\\\/image\\\/\",\"url\":\"https:\\\/\\\/accentobert.cat\\\/wp-content\\\/uploads\\\/2025\\\/04\\\/af-accent-obert-logotip-rgb-negre.png\",\"contentUrl\":\"https:\\\/\\\/accentobert.cat\\\/wp-content\\\/uploads\\\/2025\\\/04\\\/af-accent-obert-logotip-rgb-negre.png\",\"width\":1833,\"height\":780,\"caption\":\"Accent Obert\"},\"image\":{\"@id\":\"https:\\\/\\\/accentobert.cat\\\/en\\\/#\\\/schema\\\/logo\\\/image\\\/\"},\"sameAs\":[\"https:\\\/\\\/www.facebook.com\\\/accentobertoficial\",\"https:\\\/\\\/x.com\\\/accentobert_\",\"https:\\\/\\\/www.linkedin.com\\\/company\\\/accent-obert\",\"https:\\\/\\\/www.instagram.com\\\/accentobert_\\\/\",\"https:\\\/\\\/www.youtube.com\\\/@AccentObert\",\"https:\\\/\\\/bsky.app\\\/profile\\\/accentobert.cat\"],\"email\":\"info@accentobert.cat\",\"telephone\":\"+34 936 750 354\",\"legalName\":\"Accent Obert\"}]}<\/script>\n<!-- \/ Yoast SEO Premium plugin. -->","yoast_head_json":{"title":"Corporate services - Accent Obert","robots":{"index":"index","follow":"follow","max-snippet":"max-snippet:-1","max-image-preview":"max-image-preview:large","max-video-preview":"max-video-preview:-1"},"canonical":"https:\/\/accentobert.cat\/en\/corporate-services\/","og_locale":"en_US","og_type":"article","og_title":"Corporate services","og_description":"Accent Obert brings its experience, rigour, and expertise to institutions, organisations, and companies committed to strengthening the presence of Catalan in the digital world. We offer specialised solutions tailored to the needs of all those looking to grow and position themselves strategically in the digital ecosystem. Together, we build opportunities to help your project gain [&hellip;]","og_url":"https:\/\/accentobert.cat\/en\/corporate-services\/","og_site_name":"Accent Obert","article_publisher":"https:\/\/www.facebook.com\/accentobertoficial","article_modified_time":"2026-03-12T10:13:23+00:00","twitter_card":"summary_large_image","twitter_site":"@accentobert_","schema":{"@context":"https:\/\/schema.org","@graph":[{"@type":"WebPage","@id":"https:\/\/accentobert.cat\/en\/corporate-services\/","url":"https:\/\/accentobert.cat\/en\/corporate-services\/","name":"Corporate services - Accent Obert","isPartOf":{"@id":"https:\/\/accentobert.cat\/en\/#website"},"datePublished":"2025-03-31T14:32:59+00:00","dateModified":"2026-03-12T10:13:23+00:00","breadcrumb":{"@id":"https:\/\/accentobert.cat\/en\/corporate-services\/#breadcrumb"},"inLanguage":"en-US","potentialAction":[{"@type":"ReadAction","target":["https:\/\/accentobert.cat\/en\/corporate-services\/"]}]},{"@type":"BreadcrumbList","@id":"https:\/\/accentobert.cat\/en\/corporate-services\/#breadcrumb","itemListElement":[{"@type":"ListItem","position":1,"name":"Inici","item":"https:\/\/accentobert.cat\/en\/"},{"@type":"ListItem","position":2,"name":"Corporate services"}]},{"@type":"WebSite","@id":"https:\/\/accentobert.cat\/en\/#website","url":"https:\/\/accentobert.cat\/en\/","name":"Accent Obert","description":"Treballem perqu\u00e8 qualsevol persona pugui viure plenament en catal\u00e0 al m\u00f3n digital.","publisher":{"@id":"https:\/\/accentobert.cat\/en\/#organization"},"potentialAction":[{"@type":"SearchAction","target":{"@type":"EntryPoint","urlTemplate":"https:\/\/accentobert.cat\/en\/?s={search_term_string}"},"query-input":{"@type":"PropertyValueSpecification","valueRequired":true,"valueName":"search_term_string"}}],"inLanguage":"en-US"},{"@type":"Organization","@id":"https:\/\/accentobert.cat\/en\/#organization","name":"Accent Obert","alternateName":"Accent Obert","url":"https:\/\/accentobert.cat\/en\/","logo":{"@type":"ImageObject","inLanguage":"en-US","@id":"https:\/\/accentobert.cat\/en\/#\/schema\/logo\/image\/","url":"https:\/\/accentobert.cat\/wp-content\/uploads\/2025\/04\/af-accent-obert-logotip-rgb-negre.png","contentUrl":"https:\/\/accentobert.cat\/wp-content\/uploads\/2025\/04\/af-accent-obert-logotip-rgb-negre.png","width":1833,"height":780,"caption":"Accent Obert"},"image":{"@id":"https:\/\/accentobert.cat\/en\/#\/schema\/logo\/image\/"},"sameAs":["https:\/\/www.facebook.com\/accentobertoficial","https:\/\/x.com\/accentobert_","https:\/\/www.linkedin.com\/company\/accent-obert","https:\/\/www.instagram.com\/accentobert_\/","https:\/\/www.youtube.com\/@AccentObert","https:\/\/bsky.app\/profile\/accentobert.cat"],"email":"info@accentobert.cat","telephone":"+34 936 750 354","legalName":"Accent Obert"}]}},"_links":{"self":[{"href":"https:\/\/accentobert.cat\/en\/wp-json\/wp\/v2\/pages\/7266","targetHints":{"allow":["GET"]}}],"collection":[{"href":"https:\/\/accentobert.cat\/en\/wp-json\/wp\/v2\/pages"}],"about":[{"href":"https:\/\/accentobert.cat\/en\/wp-json\/wp\/v2\/types\/page"}],"author":[{"embeddable":true,"href":"https:\/\/accentobert.cat\/en\/wp-json\/wp\/v2\/users\/1"}],"replies":[{"embeddable":true,"href":"https:\/\/accentobert.cat\/en\/wp-json\/wp\/v2\/comments?post=7266"}],"version-history":[{"count":0,"href":"https:\/\/accentobert.cat\/en\/wp-json\/wp\/v2\/pages\/7266\/revisions"}],"wp:attachment":[{"href":"https:\/\/accentobert.cat\/en\/wp-json\/wp\/v2\/media?parent=7266"}],"curies":[{"name":"wp","href":"https:\/\/api.w.org\/{rel}","templated":true}]}}