{"id":7255,"date":"2025-04-10T12:42:42","date_gmt":"2025-04-10T10:42:42","guid":{"rendered":"https:\/\/accentobert.cat\/areas\/we-defend\/"},"modified":"2025-07-08T17:32:24","modified_gmt":"2025-07-08T15:32:24","slug":"we-defend","status":"publish","type":"page","link":"https:\/\/accentobert.cat\/en\/areas\/we-defend\/","title":{"rendered":"We defend"},"content":{"rendered":"<p>In an increasingly hostile digital environment, even the most fundamental rights are being called into question \u2014 from personal privacy to the very neutrality of the internet. In the face of these global debates, we cannot remain indifferent. We must be present, contributing our local perspective as well.  <\/p>\n<p><span data-contrast=\"none\"><strong>Accent Obert<\/strong><\/span> takes part in, collaborates on, engages with and influences today&#8217;s major debates that will shape our collective future in the digital world &#8211; a future we envision as diverse, plural, and inclusive. <\/p>\n","protected":false},"excerpt":{"rendered":"<p>In an increasingly hostile digital environment, even the most fundamental rights are being called into question \u2014 from personal privacy to the very neutrality of the internet. In the face of these global debates, we cannot remain indifferent. We must be present, contributing our local perspective as well. Accent Obert takes part in, collaborates on, [&hellip;]<\/p>\n","protected":false},"author":1,"featured_media":0,"parent":7254,"menu_order":1,"comment_status":"closed","ping_status":"closed","template":"page-ambit.php","meta":{"_acf_changed":false,"footnotes":""},"class_list":["post-7255","page","type-page","status-publish","hentry"],"acf":[],"yoast_head":"<!-- This site is optimized with the Yoast SEO Premium plugin v27.4 (Yoast SEO v27.4) - https:\/\/yoast.com\/product\/yoast-seo-premium-wordpress\/ -->\n<title>We defend - Accent Obert<\/title>\n<meta name=\"robots\" content=\"index, follow, max-snippet:-1, max-image-preview:large, max-video-preview:-1\" \/>\n<link rel=\"canonical\" href=\"https:\/\/accentobert.cat\/en\/areas\/we-defend\/\" \/>\n<meta property=\"og:locale\" content=\"en_US\" \/>\n<meta property=\"og:type\" content=\"article\" \/>\n<meta property=\"og:title\" content=\"We defend\" \/>\n<meta property=\"og:description\" content=\"In an increasingly hostile digital environment, even the most fundamental rights are being called into question \u2014 from personal privacy to the very neutrality of the internet. In the face of these global debates, we cannot remain indifferent. We must be present, contributing our local perspective as well. Accent Obert takes part in, collaborates on, [&hellip;]\" \/>\n<meta property=\"og:url\" content=\"https:\/\/accentobert.cat\/en\/areas\/we-defend\/\" \/>\n<meta property=\"og:site_name\" content=\"Accent Obert\" \/>\n<meta property=\"article:publisher\" content=\"https:\/\/www.facebook.com\/accentobertoficial\" \/>\n<meta property=\"article:modified_time\" content=\"2025-07-08T15:32:24+00:00\" \/>\n<meta name=\"twitter:card\" content=\"summary_large_image\" \/>\n<meta name=\"twitter:site\" content=\"@accentobert_\" \/>\n<script type=\"application\/ld+json\" class=\"yoast-schema-graph\">{\"@context\":\"https:\\\/\\\/schema.org\",\"@graph\":[{\"@type\":\"WebPage\",\"@id\":\"https:\\\/\\\/accentobert.cat\\\/en\\\/areas\\\/we-defend\\\/\",\"url\":\"https:\\\/\\\/accentobert.cat\\\/en\\\/areas\\\/we-defend\\\/\",\"name\":\"We defend - Accent Obert\",\"isPartOf\":{\"@id\":\"https:\\\/\\\/accentobert.cat\\\/en\\\/#website\"},\"datePublished\":\"2025-04-10T10:42:42+00:00\",\"dateModified\":\"2025-07-08T15:32:24+00:00\",\"breadcrumb\":{\"@id\":\"https:\\\/\\\/accentobert.cat\\\/en\\\/areas\\\/we-defend\\\/#breadcrumb\"},\"inLanguage\":\"en-US\",\"potentialAction\":[{\"@type\":\"ReadAction\",\"target\":[\"https:\\\/\\\/accentobert.cat\\\/en\\\/areas\\\/we-defend\\\/\"]}]},{\"@type\":\"BreadcrumbList\",\"@id\":\"https:\\\/\\\/accentobert.cat\\\/en\\\/areas\\\/we-defend\\\/#breadcrumb\",\"itemListElement\":[{\"@type\":\"ListItem\",\"position\":1,\"name\":\"Inici\",\"item\":\"https:\\\/\\\/accentobert.cat\\\/en\\\/\"},{\"@type\":\"ListItem\",\"position\":2,\"name\":\"Areas\",\"item\":\"https:\\\/\\\/accentobert.cat\\\/en\\\/ambits\\\/\"},{\"@type\":\"ListItem\",\"position\":3,\"name\":\"We defend\"}]},{\"@type\":\"WebSite\",\"@id\":\"https:\\\/\\\/accentobert.cat\\\/en\\\/#website\",\"url\":\"https:\\\/\\\/accentobert.cat\\\/en\\\/\",\"name\":\"Accent Obert\",\"description\":\"Treballem perqu\u00e8 qualsevol persona pugui viure plenament en catal\u00e0 al m\u00f3n digital.\",\"publisher\":{\"@id\":\"https:\\\/\\\/accentobert.cat\\\/en\\\/#organization\"},\"potentialAction\":[{\"@type\":\"SearchAction\",\"target\":{\"@type\":\"EntryPoint\",\"urlTemplate\":\"https:\\\/\\\/accentobert.cat\\\/en\\\/?s={search_term_string}\"},\"query-input\":{\"@type\":\"PropertyValueSpecification\",\"valueRequired\":true,\"valueName\":\"search_term_string\"}}],\"inLanguage\":\"en-US\"},{\"@type\":\"Organization\",\"@id\":\"https:\\\/\\\/accentobert.cat\\\/en\\\/#organization\",\"name\":\"Accent Obert\",\"alternateName\":\"Accent Obert\",\"url\":\"https:\\\/\\\/accentobert.cat\\\/en\\\/\",\"logo\":{\"@type\":\"ImageObject\",\"inLanguage\":\"en-US\",\"@id\":\"https:\\\/\\\/accentobert.cat\\\/en\\\/#\\\/schema\\\/logo\\\/image\\\/\",\"url\":\"https:\\\/\\\/accentobert.cat\\\/wp-content\\\/uploads\\\/2025\\\/04\\\/af-accent-obert-logotip-rgb-negre.png\",\"contentUrl\":\"https:\\\/\\\/accentobert.cat\\\/wp-content\\\/uploads\\\/2025\\\/04\\\/af-accent-obert-logotip-rgb-negre.png\",\"width\":1833,\"height\":780,\"caption\":\"Accent Obert\"},\"image\":{\"@id\":\"https:\\\/\\\/accentobert.cat\\\/en\\\/#\\\/schema\\\/logo\\\/image\\\/\"},\"sameAs\":[\"https:\\\/\\\/www.facebook.com\\\/accentobertoficial\",\"https:\\\/\\\/x.com\\\/accentobert_\",\"https:\\\/\\\/www.linkedin.com\\\/company\\\/accent-obert\",\"https:\\\/\\\/www.instagram.com\\\/accentobert_\\\/\",\"https:\\\/\\\/www.youtube.com\\\/@AccentObert\",\"https:\\\/\\\/bsky.app\\\/profile\\\/accentobert.cat\"],\"email\":\"info@accentobert.cat\",\"telephone\":\"+34 936 750 354\",\"legalName\":\"Accent Obert\"}]}<\/script>\n<!-- \/ Yoast SEO Premium plugin. -->","yoast_head_json":{"title":"We defend - Accent Obert","robots":{"index":"index","follow":"follow","max-snippet":"max-snippet:-1","max-image-preview":"max-image-preview:large","max-video-preview":"max-video-preview:-1"},"canonical":"https:\/\/accentobert.cat\/en\/areas\/we-defend\/","og_locale":"en_US","og_type":"article","og_title":"We defend","og_description":"In an increasingly hostile digital environment, even the most fundamental rights are being called into question \u2014 from personal privacy to the very neutrality of the internet. In the face of these global debates, we cannot remain indifferent. We must be present, contributing our local perspective as well. Accent Obert takes part in, collaborates on, [&hellip;]","og_url":"https:\/\/accentobert.cat\/en\/areas\/we-defend\/","og_site_name":"Accent Obert","article_publisher":"https:\/\/www.facebook.com\/accentobertoficial","article_modified_time":"2025-07-08T15:32:24+00:00","twitter_card":"summary_large_image","twitter_site":"@accentobert_","schema":{"@context":"https:\/\/schema.org","@graph":[{"@type":"WebPage","@id":"https:\/\/accentobert.cat\/en\/areas\/we-defend\/","url":"https:\/\/accentobert.cat\/en\/areas\/we-defend\/","name":"We defend - Accent Obert","isPartOf":{"@id":"https:\/\/accentobert.cat\/en\/#website"},"datePublished":"2025-04-10T10:42:42+00:00","dateModified":"2025-07-08T15:32:24+00:00","breadcrumb":{"@id":"https:\/\/accentobert.cat\/en\/areas\/we-defend\/#breadcrumb"},"inLanguage":"en-US","potentialAction":[{"@type":"ReadAction","target":["https:\/\/accentobert.cat\/en\/areas\/we-defend\/"]}]},{"@type":"BreadcrumbList","@id":"https:\/\/accentobert.cat\/en\/areas\/we-defend\/#breadcrumb","itemListElement":[{"@type":"ListItem","position":1,"name":"Inici","item":"https:\/\/accentobert.cat\/en\/"},{"@type":"ListItem","position":2,"name":"Areas","item":"https:\/\/accentobert.cat\/en\/ambits\/"},{"@type":"ListItem","position":3,"name":"We defend"}]},{"@type":"WebSite","@id":"https:\/\/accentobert.cat\/en\/#website","url":"https:\/\/accentobert.cat\/en\/","name":"Accent Obert","description":"Treballem perqu\u00e8 qualsevol persona pugui viure plenament en catal\u00e0 al m\u00f3n digital.","publisher":{"@id":"https:\/\/accentobert.cat\/en\/#organization"},"potentialAction":[{"@type":"SearchAction","target":{"@type":"EntryPoint","urlTemplate":"https:\/\/accentobert.cat\/en\/?s={search_term_string}"},"query-input":{"@type":"PropertyValueSpecification","valueRequired":true,"valueName":"search_term_string"}}],"inLanguage":"en-US"},{"@type":"Organization","@id":"https:\/\/accentobert.cat\/en\/#organization","name":"Accent Obert","alternateName":"Accent Obert","url":"https:\/\/accentobert.cat\/en\/","logo":{"@type":"ImageObject","inLanguage":"en-US","@id":"https:\/\/accentobert.cat\/en\/#\/schema\/logo\/image\/","url":"https:\/\/accentobert.cat\/wp-content\/uploads\/2025\/04\/af-accent-obert-logotip-rgb-negre.png","contentUrl":"https:\/\/accentobert.cat\/wp-content\/uploads\/2025\/04\/af-accent-obert-logotip-rgb-negre.png","width":1833,"height":780,"caption":"Accent Obert"},"image":{"@id":"https:\/\/accentobert.cat\/en\/#\/schema\/logo\/image\/"},"sameAs":["https:\/\/www.facebook.com\/accentobertoficial","https:\/\/x.com\/accentobert_","https:\/\/www.linkedin.com\/company\/accent-obert","https:\/\/www.instagram.com\/accentobert_\/","https:\/\/www.youtube.com\/@AccentObert","https:\/\/bsky.app\/profile\/accentobert.cat"],"email":"info@accentobert.cat","telephone":"+34 936 750 354","legalName":"Accent Obert"}]}},"_links":{"self":[{"href":"https:\/\/accentobert.cat\/en\/wp-json\/wp\/v2\/pages\/7255","targetHints":{"allow":["GET"]}}],"collection":[{"href":"https:\/\/accentobert.cat\/en\/wp-json\/wp\/v2\/pages"}],"about":[{"href":"https:\/\/accentobert.cat\/en\/wp-json\/wp\/v2\/types\/page"}],"author":[{"embeddable":true,"href":"https:\/\/accentobert.cat\/en\/wp-json\/wp\/v2\/users\/1"}],"replies":[{"embeddable":true,"href":"https:\/\/accentobert.cat\/en\/wp-json\/wp\/v2\/comments?post=7255"}],"version-history":[{"count":1,"href":"https:\/\/accentobert.cat\/en\/wp-json\/wp\/v2\/pages\/7255\/revisions"}],"predecessor-version":[{"id":8869,"href":"https:\/\/accentobert.cat\/en\/wp-json\/wp\/v2\/pages\/7255\/revisions\/8869"}],"up":[{"embeddable":true,"href":"https:\/\/accentobert.cat\/en\/wp-json\/wp\/v2\/pages\/7254"}],"wp:attachment":[{"href":"https:\/\/accentobert.cat\/en\/wp-json\/wp\/v2\/media?parent=7255"}],"curies":[{"name":"wp","href":"https:\/\/api.w.org\/{rel}","templated":true}]}}